{"id":11,"date":"2023-02-01T20:34:18","date_gmt":"2023-02-01T19:34:18","guid":{"rendered":"http:\/\/qualificalia.com\/acredita\/se-te-olvido-tu-contrasena\/"},"modified":"2023-02-01T20:34:18","modified_gmt":"2023-02-01T19:34:18","slug":"se-te-olvido-tu-contrasena","status":"publish","type":"page","link":"https:\/\/qualificalia.com\/acredita\/se-te-olvido-tu-contrasena\/","title":{"rendered":"\u00bfSe te olvid\u00f3 tu contrase\u00f1a?"},"content":{"rendered":"<div class=\"pmagic\">  \n <div class=\"pm-login-box pm-dbfl pm-border pm-radius5\"> \n\n \n \n <form id=\"lostpasswordform\" class=\"pmagic-form pm-dbfl pm-bg-lt\"\n       action=\"https:\/\/qualificalia.com\/acredita\/wp-login.php?action=lostpassword\" method=\"post\">\n\n     <input type=\"hidden\" name=\"pm_password_nonce\" value=\"8d13efc521\" \/>\n     <div class=\"pm-login-header pm-dbfl pm-bg pm-border-bt pm-pad10\">\n         Si has perdido tu contrase\u00f1a, podemos ayudarte a restablecerla. Para iniciar el proceso de restablecimiento de contrase\u00f1a, introduce tu nombre de usuario o correo electr\u00f3nico en el cuadro a continuaci\u00f3n y haz clic en el bot\u00f3n.     <\/div>\n\n     <input type=\"text\" \n            name=\"user_login\" \n            id=\"user_login\" \n            placeholder=\"Correo electr\u00f3nico o nombre de usuario\">\n\n     <div class=\"pm-login-box-bottom-container pm-dbfl pm-bg pm-border\">\n         <input type=\"submit\" name=\"submit\" class=\"lostpassword-button\"\n                value=\"Restablecer contrase\u00f1a\"\/>\n     <\/div>\n\n <\/form>\n\n \n <\/div>\n<\/div>\n\n","protected":false},"excerpt":{"rendered":"","protected":false},"author":3,"featured_media":0,"parent":0,"menu_order":0,"comment_status":"closed","ping_status":"closed","template":"","meta":{"_acf_changed":false,"inline_featured_image":false,"footnotes":"","_wp_rev_ctl_limit":""},"class_list":["post-11","page","type-page","status-publish","hentry"],"acf":[],"yoast_head":"<!-- This site is optimized with the Yoast SEO Premium plugin v27.0 (Yoast SEO v27.0) - https:\/\/yoast.com\/product\/yoast-seo-premium-wordpress\/ -->\n<title>\u00bfSe te olvid\u00f3 tu contrase\u00f1a? - Qualificalia ACREDITA<\/title>\n<meta name=\"robots\" content=\"index, follow, max-snippet:-1, max-image-preview:large, max-video-preview:-1\" \/>\n<link rel=\"canonical\" href=\"https:\/\/qualificalia.com\/acredita\/se-te-olvido-tu-contrasena\/\" \/>\n<meta property=\"og:locale\" content=\"es_ES\" \/>\n<meta property=\"og:type\" content=\"article\" \/>\n<meta property=\"og:title\" content=\"\u00bfSe te olvid\u00f3 tu contrase\u00f1a?\" \/>\n<meta property=\"og:url\" content=\"https:\/\/qualificalia.com\/acredita\/se-te-olvido-tu-contrasena\/\" \/>\n<meta property=\"og:site_name\" content=\"Qualificalia ACREDITA\" \/>\n<meta name=\"twitter:card\" content=\"summary_large_image\" \/>\n<script type=\"application\/ld+json\" class=\"yoast-schema-graph\">{\"@context\":\"https:\/\/schema.org\",\"@graph\":[{\"@type\":\"WebPage\",\"@id\":\"https:\/\/qualificalia.com\/acredita\/se-te-olvido-tu-contrasena\/\",\"url\":\"https:\/\/qualificalia.com\/acredita\/se-te-olvido-tu-contrasena\/\",\"name\":\"\u00bfSe te olvid\u00f3 tu contrase\u00f1a? - Qualificalia ACREDITA\",\"isPartOf\":{\"@id\":\"https:\/\/qualificalia.com\/acredita\/#website\"},\"datePublished\":\"2023-02-01T19:34:18+00:00\",\"breadcrumb\":{\"@id\":\"https:\/\/qualificalia.com\/acredita\/se-te-olvido-tu-contrasena\/#breadcrumb\"},\"inLanguage\":\"es\",\"potentialAction\":[{\"@type\":\"ReadAction\",\"target\":[\"https:\/\/qualificalia.com\/acredita\/se-te-olvido-tu-contrasena\/\"]}]},{\"@type\":\"BreadcrumbList\",\"@id\":\"https:\/\/qualificalia.com\/acredita\/se-te-olvido-tu-contrasena\/#breadcrumb\",\"itemListElement\":[{\"@type\":\"ListItem\",\"position\":1,\"name\":\"Portada\",\"item\":\"https:\/\/qualificalia.com\/acredita\/\"},{\"@type\":\"ListItem\",\"position\":2,\"name\":\"\u00bfSe te olvid\u00f3 tu contrase\u00f1a?\"}]},{\"@type\":\"WebSite\",\"@id\":\"https:\/\/qualificalia.com\/acredita\/#website\",\"url\":\"https:\/\/qualificalia.com\/acredita\/\",\"name\":\"Qualificalia ACREDITA\",\"description\":\"Acredita tus experiencias profesionales y de aprendizaje\",\"potentialAction\":[{\"@type\":\"SearchAction\",\"target\":{\"@type\":\"EntryPoint\",\"urlTemplate\":\"https:\/\/qualificalia.com\/acredita\/?s={search_term_string}\"},\"query-input\":{\"@type\":\"PropertyValueSpecification\",\"valueRequired\":true,\"valueName\":\"search_term_string\"}}],\"inLanguage\":\"es\"}]}<\/script>\n<!-- \/ Yoast SEO Premium plugin. -->","yoast_head_json":{"title":"\u00bfSe te olvid\u00f3 tu contrase\u00f1a? - Qualificalia ACREDITA","robots":{"index":"index","follow":"follow","max-snippet":"max-snippet:-1","max-image-preview":"max-image-preview:large","max-video-preview":"max-video-preview:-1"},"canonical":"https:\/\/qualificalia.com\/acredita\/se-te-olvido-tu-contrasena\/","og_locale":"es_ES","og_type":"article","og_title":"\u00bfSe te olvid\u00f3 tu contrase\u00f1a?","og_url":"https:\/\/qualificalia.com\/acredita\/se-te-olvido-tu-contrasena\/","og_site_name":"Qualificalia ACREDITA","twitter_card":"summary_large_image","schema":{"@context":"https:\/\/schema.org","@graph":[{"@type":"WebPage","@id":"https:\/\/qualificalia.com\/acredita\/se-te-olvido-tu-contrasena\/","url":"https:\/\/qualificalia.com\/acredita\/se-te-olvido-tu-contrasena\/","name":"\u00bfSe te olvid\u00f3 tu contrase\u00f1a? - Qualificalia ACREDITA","isPartOf":{"@id":"https:\/\/qualificalia.com\/acredita\/#website"},"datePublished":"2023-02-01T19:34:18+00:00","breadcrumb":{"@id":"https:\/\/qualificalia.com\/acredita\/se-te-olvido-tu-contrasena\/#breadcrumb"},"inLanguage":"es","potentialAction":[{"@type":"ReadAction","target":["https:\/\/qualificalia.com\/acredita\/se-te-olvido-tu-contrasena\/"]}]},{"@type":"BreadcrumbList","@id":"https:\/\/qualificalia.com\/acredita\/se-te-olvido-tu-contrasena\/#breadcrumb","itemListElement":[{"@type":"ListItem","position":1,"name":"Portada","item":"https:\/\/qualificalia.com\/acredita\/"},{"@type":"ListItem","position":2,"name":"\u00bfSe te olvid\u00f3 tu contrase\u00f1a?"}]},{"@type":"WebSite","@id":"https:\/\/qualificalia.com\/acredita\/#website","url":"https:\/\/qualificalia.com\/acredita\/","name":"Qualificalia ACREDITA","description":"Acredita tus experiencias profesionales y de aprendizaje","potentialAction":[{"@type":"SearchAction","target":{"@type":"EntryPoint","urlTemplate":"https:\/\/qualificalia.com\/acredita\/?s={search_term_string}"},"query-input":{"@type":"PropertyValueSpecification","valueRequired":true,"valueName":"search_term_string"}}],"inLanguage":"es"}]}},"_links":{"self":[{"href":"https:\/\/qualificalia.com\/acredita\/wp-json\/wp\/v2\/pages\/11","targetHints":{"allow":["GET"]}}],"collection":[{"href":"https:\/\/qualificalia.com\/acredita\/wp-json\/wp\/v2\/pages"}],"about":[{"href":"https:\/\/qualificalia.com\/acredita\/wp-json\/wp\/v2\/types\/page"}],"author":[{"embeddable":true,"href":"https:\/\/qualificalia.com\/acredita\/wp-json\/wp\/v2\/users\/3"}],"replies":[{"embeddable":true,"href":"https:\/\/qualificalia.com\/acredita\/wp-json\/wp\/v2\/comments?post=11"}],"version-history":[{"count":0,"href":"https:\/\/qualificalia.com\/acredita\/wp-json\/wp\/v2\/pages\/11\/revisions"}],"wp:attachment":[{"href":"https:\/\/qualificalia.com\/acredita\/wp-json\/wp\/v2\/media?parent=11"}],"curies":[{"name":"wp","href":"https:\/\/api.w.org\/{rel}","templated":true}]}}