{"id":160,"date":"2023-08-04T09:41:13","date_gmt":"2023-08-04T07:41:13","guid":{"rendered":"https:\/\/qualificalia.com\/acredita\/politica-de-cookies-ue\/"},"modified":"2023-08-04T09:41:13","modified_gmt":"2023-08-04T07:41:13","slug":"politica-de-cookies-ue","status":"publish","type":"page","link":"https:\/\/qualificalia.com\/acredita\/politica-de-cookies-ue\/","title":{"rendered":"Pol\u00edtica de cookies (UE)"},"content":{"rendered":"La regi\u00f3n EU no est\u00e1 activada para cookie-statement.\n","protected":false},"excerpt":{"rendered":"","protected":false},"author":3,"featured_media":0,"parent":0,"menu_order":0,"comment_status":"closed","ping_status":"closed","template":"","meta":{"_acf_changed":false,"inline_featured_image":false,"footnotes":"","_wp_rev_ctl_limit":""},"class_list":["post-160","page","type-page","status-publish","hentry"],"acf":[],"yoast_head":"<!-- This site is optimized with the Yoast SEO Premium plugin v27.0 (Yoast SEO v27.0) - https:\/\/yoast.com\/product\/yoast-seo-premium-wordpress\/ -->\n<title>Pol\u00edtica de cookies (UE) - Qualificalia ACREDITA<\/title>\n<meta name=\"robots\" content=\"index, follow, max-snippet:-1, max-image-preview:large, max-video-preview:-1\" \/>\n<link rel=\"canonical\" href=\"https:\/\/qualificalia.com\/acredita\/politica-de-cookies-ue\/\" \/>\n<meta property=\"og:locale\" content=\"es_ES\" \/>\n<meta property=\"og:type\" content=\"article\" \/>\n<meta property=\"og:title\" content=\"Pol\u00edtica de cookies (UE)\" \/>\n<meta property=\"og:url\" content=\"https:\/\/qualificalia.com\/acredita\/politica-de-cookies-ue\/\" \/>\n<meta property=\"og:site_name\" content=\"Qualificalia ACREDITA\" \/>\n<meta name=\"twitter:card\" content=\"summary_large_image\" \/>\n<script type=\"application\/ld+json\" class=\"yoast-schema-graph\">{\"@context\":\"https:\/\/schema.org\",\"@graph\":[{\"@type\":\"WebPage\",\"@id\":\"https:\/\/qualificalia.com\/acredita\/politica-de-cookies-ue\/\",\"url\":\"https:\/\/qualificalia.com\/acredita\/politica-de-cookies-ue\/\",\"name\":\"Pol\u00edtica de cookies (UE) - Qualificalia ACREDITA\",\"isPartOf\":{\"@id\":\"https:\/\/qualificalia.com\/acredita\/#website\"},\"datePublished\":\"2023-08-04T07:41:13+00:00\",\"breadcrumb\":{\"@id\":\"https:\/\/qualificalia.com\/acredita\/politica-de-cookies-ue\/#breadcrumb\"},\"inLanguage\":\"es\",\"potentialAction\":[{\"@type\":\"ReadAction\",\"target\":[\"https:\/\/qualificalia.com\/acredita\/politica-de-cookies-ue\/\"]}]},{\"@type\":\"BreadcrumbList\",\"@id\":\"https:\/\/qualificalia.com\/acredita\/politica-de-cookies-ue\/#breadcrumb\",\"itemListElement\":[{\"@type\":\"ListItem\",\"position\":1,\"name\":\"Portada\",\"item\":\"https:\/\/qualificalia.com\/acredita\/\"},{\"@type\":\"ListItem\",\"position\":2,\"name\":\"Pol\u00edtica de cookies (UE)\"}]},{\"@type\":\"WebSite\",\"@id\":\"https:\/\/qualificalia.com\/acredita\/#website\",\"url\":\"https:\/\/qualificalia.com\/acredita\/\",\"name\":\"Qualificalia ACREDITA\",\"description\":\"Acredita tus experiencias profesionales y de aprendizaje\",\"potentialAction\":[{\"@type\":\"SearchAction\",\"target\":{\"@type\":\"EntryPoint\",\"urlTemplate\":\"https:\/\/qualificalia.com\/acredita\/?s={search_term_string}\"},\"query-input\":{\"@type\":\"PropertyValueSpecification\",\"valueRequired\":true,\"valueName\":\"search_term_string\"}}],\"inLanguage\":\"es\"}]}<\/script>\n<!-- \/ Yoast SEO Premium plugin. -->","yoast_head_json":{"title":"Pol\u00edtica de cookies (UE) - Qualificalia ACREDITA","robots":{"index":"index","follow":"follow","max-snippet":"max-snippet:-1","max-image-preview":"max-image-preview:large","max-video-preview":"max-video-preview:-1"},"canonical":"https:\/\/qualificalia.com\/acredita\/politica-de-cookies-ue\/","og_locale":"es_ES","og_type":"article","og_title":"Pol\u00edtica de cookies (UE)","og_url":"https:\/\/qualificalia.com\/acredita\/politica-de-cookies-ue\/","og_site_name":"Qualificalia ACREDITA","twitter_card":"summary_large_image","schema":{"@context":"https:\/\/schema.org","@graph":[{"@type":"WebPage","@id":"https:\/\/qualificalia.com\/acredita\/politica-de-cookies-ue\/","url":"https:\/\/qualificalia.com\/acredita\/politica-de-cookies-ue\/","name":"Pol\u00edtica de cookies (UE) - Qualificalia ACREDITA","isPartOf":{"@id":"https:\/\/qualificalia.com\/acredita\/#website"},"datePublished":"2023-08-04T07:41:13+00:00","breadcrumb":{"@id":"https:\/\/qualificalia.com\/acredita\/politica-de-cookies-ue\/#breadcrumb"},"inLanguage":"es","potentialAction":[{"@type":"ReadAction","target":["https:\/\/qualificalia.com\/acredita\/politica-de-cookies-ue\/"]}]},{"@type":"BreadcrumbList","@id":"https:\/\/qualificalia.com\/acredita\/politica-de-cookies-ue\/#breadcrumb","itemListElement":[{"@type":"ListItem","position":1,"name":"Portada","item":"https:\/\/qualificalia.com\/acredita\/"},{"@type":"ListItem","position":2,"name":"Pol\u00edtica de cookies (UE)"}]},{"@type":"WebSite","@id":"https:\/\/qualificalia.com\/acredita\/#website","url":"https:\/\/qualificalia.com\/acredita\/","name":"Qualificalia ACREDITA","description":"Acredita tus experiencias profesionales y de aprendizaje","potentialAction":[{"@type":"SearchAction","target":{"@type":"EntryPoint","urlTemplate":"https:\/\/qualificalia.com\/acredita\/?s={search_term_string}"},"query-input":{"@type":"PropertyValueSpecification","valueRequired":true,"valueName":"search_term_string"}}],"inLanguage":"es"}]}},"_links":{"self":[{"href":"https:\/\/qualificalia.com\/acredita\/wp-json\/wp\/v2\/pages\/160","targetHints":{"allow":["GET"]}}],"collection":[{"href":"https:\/\/qualificalia.com\/acredita\/wp-json\/wp\/v2\/pages"}],"about":[{"href":"https:\/\/qualificalia.com\/acredita\/wp-json\/wp\/v2\/types\/page"}],"author":[{"embeddable":true,"href":"https:\/\/qualificalia.com\/acredita\/wp-json\/wp\/v2\/users\/3"}],"replies":[{"embeddable":true,"href":"https:\/\/qualificalia.com\/acredita\/wp-json\/wp\/v2\/comments?post=160"}],"version-history":[{"count":0,"href":"https:\/\/qualificalia.com\/acredita\/wp-json\/wp\/v2\/pages\/160\/revisions"}],"wp:attachment":[{"href":"https:\/\/qualificalia.com\/acredita\/wp-json\/wp\/v2\/media?parent=160"}],"curies":[{"name":"wp","href":"https:\/\/api.w.org\/{rel}","templated":true}]}}