{"id":13717,"date":"2023-02-01T20:34:17","date_gmt":"2023-02-01T19:34:17","guid":{"rendered":"http:\/\/qualificalia.com\/grupo-de-usuarios-por-defecto\/"},"modified":"2023-02-01T20:34:17","modified_gmt":"2023-02-01T19:34:17","slug":"grupo-de-usuarios-por-defecto","status":"publish","type":"page","link":"https:\/\/qualificalia.com\/en\/grupo-de-usuarios-por-defecto\/","title":{"rendered":"Grupo de usuarios por defecto"},"content":{"rendered":"<div class=\"pmagic\">\n    <div class=\"pg-group-box-wrap pg-single-group-card-box\">\n           <div class=\"pm-group-card-box pm-dbfl pm-border-bt\">\n         <div class=\"pm-group-card pm-dbfl pm-border pm-bg pm-radius5\">\n            <div class=\"pm-group-title pm-dbfl pm-bg-lt pm-pad10 pm-border-bt\">\n            <i class=\"fa fa-users\" aria-hidden=\"true\"><\/i>\n\t\t\tGrupo de usuarios por defecto                        <\/div>\n             <div class=\"pm-group-image pm-difl pm-border\">\n                  <img decoding=\"async\" src=\"https:\/\/qualificalia.com\/wp-content\/plugins\/profilegrid-user-profiles-groups-and-communities\/includes\/..\/public\/partials\/images\/default-group.png\" class=\"\" \/>                   \n                  \t\t\t\t<div class=\"pm-group-signup\">\n                                    <button onclick=\"window.location.href='?gid=1'\" class=\"pm_button\">Join Group<\/button>\t\t\t\t<\/div>                \n\t\t\t\t                 \n             <\/div>\n             <div class=\"pm-group-description pm-difl pm-bg pm-pad10 pm-border\">\n         \n         \t\t                 <div class=\"pm-card-row pm-dbfl\">\n                    <div class=\"pm-card-label pm-difl\">Members<\/div>\n                    <div class=\"pm-card-value pm-difl\">13<\/div>\n                 <\/div>\n                                  \n                                   <div class=\"pm-card-row pm-dbfl\">\n                    <div class=\"pm-card-label pm-difl\">Details<\/div>\n                    <div class=\"pm-card-value pm-difl\">Este es el grupo de usuarios por defecto. Todos los usuarios existentes se incluyen autom\u00e1ticamente en este grupo. El administrador puede modificar o eliminar los grupos.<\/div>\n                 <\/div>\n                                               <\/div>\n           <\/div>\n           \n           \n\n        <\/div>\n   \n          <div id=\"pg_group_tabs\" class=\"pm-section-nav-horizental pm-dbfl\">\n        <ul class=\"pm-difl pm-profile-tab-wrap pm-border-bt\">\t\n                        <li class=\"pm-profile-tab pm-pad10\"><a class=\"pm-dbfl\" href=\"#pg_members\">Members<\/a><\/li>\n                                     \n        <\/ul>\n                <div id=\"pg_members\" class=\"pm-dbfl pg-profile-tab-content\">\n        <input type=\"hidden\" id=\"pg-gid\" name=\"pg-gid\" value=\"1\">\n        <div class=\"pg-group-setting-head pm-dbfl pm-bg pg-group-filters-head\">\n        <div class=\"pg-group-sorting-ls pg-members-sortby pm-difl\">\n            <div class=\"pg-sortby-alpha pm-difl\">\n                <span class=\"pg-group-sorting-title pm-difl\">Sort by<\/span>\n            <span class=\"pg-sort-dropdown pm-border pm-difl\">\n                <select class=\"pg-custom-select\" name=\"member_sort_by_grid\" id=\"member_sort_by_grid\" onchange=\"pm_get_all_users_from_group_grid_view(1,'grid')\">\n                    <option value=\"oldest_first\"  selected='selected'>Oldest<\/option>\n                    <option value=\"latest_first\"  >Newest<\/option>\n                    <option value=\"first_name_asc\"  >First Name Alphabetically A - Z<\/option>\n                    <option value=\"first_name_desc\"  >First Name Alphabetically Z - A<\/option>\n                    <option value=\"last_name_asc\"  >Last Name Alphabetically A - Z<\/option>\n                    <option value=\"last_name_desc\"  >Last Name Alphabetically Z- A<\/option>\n\n                <\/select>\n            <\/span>\n                <\/div>\n            \n        <\/div>\n      \n        <div class=\"pg-group-sorting-rs pm-difr\">\n           <div class=\"pg-members-sortby\">\n                <span class=\"pg-sort-dropdown pm-border\">\n                    <select class=\"pg-custom-select\" id=\"member_search_in_grid\" name=\"member_search_in_grid\" onchange=\"pm_get_all_users_from_group_grid_view(1,'grid')\">\n                        <option value=\"\">Select a Field<\/option>\n                        <option value=\"user_login\">Username<\/option><option value=\"first_name\">First Name<\/option><option value=\"last_name\">Last Name<\/option><option value=\"user_email\">Email<\/option><option value=\"user_url\">Website<\/option><option value=\"description\">Biographical Info<\/option>                    <\/select>\n                <\/span>\n\n            <\/div>\n            <div class=\"pg-member-search\"><input type=\"text\" name=\"member_search_grid\" id=\"member_search_grid\" placeholder=\"Search\" onkeyup=\"pm_get_all_users_from_group_grid_view(1,'grid')\"><\/div>\n        <\/div>\n\n    <\/div>    \n        \n            <div id=\"pg_members_grid_view\">    \n            \n            \n        \n        <div class=\"pm-user-card pm-difl pm-border pm-radius5\">\n                        <div class=\"pm-user-card-cover pm-dbfl\">\n                <img decoding=\"async\" src=\"https:\/\/qualificalia.com\/wp-content\/plugins\/profilegrid-user-profiles-groups-and-communities\/includes\/..\/public\/partials\/images\/admin-default-cover.jpg\" class=\"150\" \/>                <\/div>\n                        <a href=\"?uid=1\"><div class=\"pm-user-image pm-dbfl pm-bg-lt\"><img decoding=\"async\" src=\"https:\/\/qualificalia.com\/wp-content\/plugins\/profilegrid-user-profiles-groups-and-communities\/public\/\/partials\/images\/admin-default-user.png\" width=\"150\" height=\"150\" class=\"user-profile-image\" \/><\/div><\/a>\n                        <div class=\"pm-user-description pm-dbfl pm-bg-lt\">\n                <div class=\"pm-user-card-title pm-dbfl pm-pad10 pm-bg-lt pm-clip\">\n                                    <a href=\"?uid=1\">Diego Arenales <\/a>\n                                                    <\/div>\n                                  \n            <\/div>\n                      <\/div>         \n      \t        \n        <div class=\"pm-user-card pm-difl pm-border pm-radius5\">\n                        <div class=\"pm-user-card-cover pm-dbfl\">\n                <img decoding=\"async\" src=\"https:\/\/qualificalia.com\/wp-content\/plugins\/profilegrid-user-profiles-groups-and-communities\/includes\/..\/public\/partials\/images\/admin-default-cover.jpg\" class=\"150\" \/>                <\/div>\n                        <a href=\"?uid=3\"><div class=\"pm-user-image pm-dbfl pm-bg-lt\"><img decoding=\"async\" width=\"150\" height=\"150\" src=\"https:\/\/qualificalia.com\/wp-content\/uploads\/2023\/01\/q_avatar250.svg\" class=\"user-profile-image\" alt=\"\" loading=\"\" \/><\/div><\/a>\n                        <div class=\"pm-user-description pm-dbfl pm-bg-lt\">\n                <div class=\"pm-user-card-title pm-dbfl pm-pad10 pm-bg-lt pm-clip\">\n                                    <a href=\"?uid=3\">Qualificalia Analytics <\/a>\n                                                    <\/div>\n                                  \n            <\/div>\n                      <\/div>         \n      \t        \n        <div class=\"pm-user-card pm-difl pm-border pm-radius5\">\n                        <div class=\"pm-user-card-cover pm-dbfl\">\n                <img fetchpriority=\"high\" decoding=\"async\" width=\"600\" height=\"800\" src=\"https:\/\/qualificalia.com\/wp-content\/uploads\/2023\/02\/Q-Luis_26012022-e1675280445665.jpg\" class=\"150\" alt=\"\" \/>                <\/div>\n                        <a href=\"?uid=4\"><div class=\"pm-user-image pm-dbfl pm-bg-lt\"><img loading=\"lazy\" decoding=\"async\" width=\"150\" height=\"150\" src=\"https:\/\/qualificalia.com\/wp-content\/uploads\/2023\/02\/Q-Luis_26012022-e1675280445665-150x150.jpg\" class=\"user-profile-image\" alt=\"\" \/><\/div><\/a>\n                        <div class=\"pm-user-description pm-dbfl pm-bg-lt\">\n                <div class=\"pm-user-card-title pm-dbfl pm-pad10 pm-bg-lt pm-clip\">\n                                    <a href=\"?uid=4\">Luis Carro Sancrist\u00f3bal <\/a>\n                                                    <\/div>\n                                  \n            <\/div>\n                      <\/div>         \n      \t        \n        <div class=\"pm-user-card pm-difl pm-border pm-radius5\">\n                        <div class=\"pm-user-card-cover pm-dbfl\">\n                <img decoding=\"async\" src=\"https:\/\/qualificalia.com\/wp-content\/plugins\/profilegrid-user-profiles-groups-and-communities\/includes\/..\/public\/partials\/images\/default-cover.jpg\" class=\"150\" \/>                <\/div>\n                        <a href=\"?uid=16\"><div class=\"pm-user-image pm-dbfl pm-bg-lt\"><img loading=\"lazy\" decoding=\"async\" src=\"https:\/\/qualificalia.com\/wp-content\/plugins\/profilegrid-user-profiles-groups-and-communities\/public\/\/partials\/images\/default-user.png\" width=\"150\" height=\"150\" class=\"user-profile-image\" \/><\/div><\/a>\n                        <div class=\"pm-user-description pm-dbfl pm-bg-lt\">\n                <div class=\"pm-user-card-title pm-dbfl pm-pad10 pm-bg-lt pm-clip\">\n                                    <a href=\"?uid=16\">Luis C Carro S <\/a>\n                                                    <\/div>\n                                  \n            <\/div>\n                      <\/div>         \n      \t        \n        <div class=\"pm-user-card pm-difl pm-border pm-radius5\">\n                        <div class=\"pm-user-card-cover pm-dbfl\">\n                <img decoding=\"async\" src=\"https:\/\/qualificalia.com\/wp-content\/plugins\/profilegrid-user-profiles-groups-and-communities\/includes\/..\/public\/partials\/images\/default-cover.jpg\" class=\"150\" \/>                <\/div>\n                        <a href=\"?uid=22\"><div class=\"pm-user-image pm-dbfl pm-bg-lt\"><img loading=\"lazy\" decoding=\"async\" src=\"https:\/\/qualificalia.com\/wp-content\/plugins\/profilegrid-user-profiles-groups-and-communities\/public\/\/partials\/images\/default-user.png\" width=\"150\" height=\"150\" class=\"user-profile-image\" \/><\/div><\/a>\n                        <div class=\"pm-user-description pm-dbfl pm-bg-lt\">\n                <div class=\"pm-user-card-title pm-dbfl pm-pad10 pm-bg-lt pm-clip\">\n                                    <a href=\"?uid=22\">Marta \u00c1gueda <\/a>\n                                                    <\/div>\n                                  \n            <\/div>\n                      <\/div>         \n      \t        \n        <div class=\"pm-user-card pm-difl pm-border pm-radius5\">\n                        <div class=\"pm-user-card-cover pm-dbfl\">\n                <img decoding=\"async\" src=\"https:\/\/qualificalia.com\/wp-content\/plugins\/profilegrid-user-profiles-groups-and-communities\/includes\/..\/public\/partials\/images\/default-cover.jpg\" class=\"150\" \/>                <\/div>\n                        <a href=\"?uid=23\"><div class=\"pm-user-image pm-dbfl pm-bg-lt\"><img loading=\"lazy\" decoding=\"async\" src=\"https:\/\/qualificalia.com\/wp-content\/plugins\/profilegrid-user-profiles-groups-and-communities\/public\/\/partials\/images\/default-user.png\" width=\"150\" height=\"150\" class=\"user-profile-image\" \/><\/div><\/a>\n                        <div class=\"pm-user-description pm-dbfl pm-bg-lt\">\n                <div class=\"pm-user-card-title pm-dbfl pm-pad10 pm-bg-lt pm-clip\">\n                                    <a href=\"?uid=23\">Carlos Llorente Gonz\u00e1lez <\/a>\n                                                    <\/div>\n                                  \n            <\/div>\n                      <\/div>         \n      \t        \n        <div class=\"pm-user-card pm-difl pm-border pm-radius5\">\n                        <div class=\"pm-user-card-cover pm-dbfl\">\n                <img decoding=\"async\" src=\"https:\/\/qualificalia.com\/wp-content\/plugins\/profilegrid-user-profiles-groups-and-communities\/includes\/..\/public\/partials\/images\/default-cover.jpg\" class=\"150\" \/>                <\/div>\n                        <a href=\"?uid=24\"><div class=\"pm-user-image pm-dbfl pm-bg-lt\"><img loading=\"lazy\" decoding=\"async\" src=\"https:\/\/qualificalia.com\/wp-content\/plugins\/profilegrid-user-profiles-groups-and-communities\/public\/\/partials\/images\/default-user.png\" width=\"150\" height=\"150\" class=\"user-profile-image\" \/><\/div><\/a>\n                        <div class=\"pm-user-description pm-dbfl pm-bg-lt\">\n                <div class=\"pm-user-card-title pm-dbfl pm-pad10 pm-bg-lt pm-clip\">\n                                    <a href=\"?uid=24\">Mar\u00eda Garc\u00eda Troya <\/a>\n                                                    <\/div>\n                                  \n            <\/div>\n                      <\/div>         \n      \t        \n        <div class=\"pm-user-card pm-difl pm-border pm-radius5\">\n                        <div class=\"pm-user-card-cover pm-dbfl\">\n                <img decoding=\"async\" src=\"https:\/\/qualificalia.com\/wp-content\/plugins\/profilegrid-user-profiles-groups-and-communities\/includes\/..\/public\/partials\/images\/default-cover.jpg\" class=\"150\" \/>                <\/div>\n                        <a href=\"?uid=25\"><div class=\"pm-user-image pm-dbfl pm-bg-lt\"><img loading=\"lazy\" decoding=\"async\" src=\"https:\/\/qualificalia.com\/wp-content\/plugins\/profilegrid-user-profiles-groups-and-communities\/public\/\/partials\/images\/default-user.png\" width=\"150\" height=\"150\" class=\"user-profile-image\" \/><\/div><\/a>\n                        <div class=\"pm-user-description pm-dbfl pm-bg-lt\">\n                <div class=\"pm-user-card-title pm-dbfl pm-pad10 pm-bg-lt pm-clip\">\n                                    <a href=\"?uid=25\">Irene Serrano L\u00f3pez <\/a>\n                                                    <\/div>\n                                  \n            <\/div>\n                      <\/div>         \n      \t        \n        <div class=\"pm-user-card pm-difl pm-border pm-radius5\">\n                        <div class=\"pm-user-card-cover pm-dbfl\">\n                <img decoding=\"async\" src=\"https:\/\/qualificalia.com\/wp-content\/plugins\/profilegrid-user-profiles-groups-and-communities\/includes\/..\/public\/partials\/images\/default-cover.jpg\" class=\"150\" \/>                <\/div>\n                        <a href=\"?uid=26\"><div class=\"pm-user-image pm-dbfl pm-bg-lt\"><img loading=\"lazy\" decoding=\"async\" src=\"https:\/\/qualificalia.com\/wp-content\/plugins\/profilegrid-user-profiles-groups-and-communities\/public\/\/partials\/images\/default-user.png\" width=\"150\" height=\"150\" class=\"user-profile-image\" \/><\/div><\/a>\n                        <div class=\"pm-user-description pm-dbfl pm-bg-lt\">\n                <div class=\"pm-user-card-title pm-dbfl pm-pad10 pm-bg-lt pm-clip\">\n                                    <a href=\"?uid=26\">F\u00e1tima Mar\u00eda L\u00f3pez Garrido <\/a>\n                                                    <\/div>\n                                  \n            <\/div>\n                      <\/div>         \n      \t        \n        <div class=\"pm-user-card pm-difl pm-border pm-radius5\">\n                        <div class=\"pm-user-card-cover pm-dbfl\">\n                <img decoding=\"async\" src=\"https:\/\/qualificalia.com\/wp-content\/plugins\/profilegrid-user-profiles-groups-and-communities\/includes\/..\/public\/partials\/images\/default-cover.jpg\" class=\"150\" \/>                <\/div>\n                        <a href=\"?uid=27\"><div class=\"pm-user-image pm-dbfl pm-bg-lt\"><img loading=\"lazy\" decoding=\"async\" src=\"https:\/\/qualificalia.com\/wp-content\/plugins\/profilegrid-user-profiles-groups-and-communities\/public\/\/partials\/images\/default-user.png\" width=\"150\" height=\"150\" class=\"user-profile-image\" \/><\/div><\/a>\n                        <div class=\"pm-user-description pm-dbfl pm-bg-lt\">\n                <div class=\"pm-user-card-title pm-dbfl pm-pad10 pm-bg-lt pm-clip\">\n                                    <a href=\"?uid=27\">Martina Estrada Luengo <\/a>\n                                                    <\/div>\n                                  \n            <\/div>\n                      <\/div>         \n      \t<div class=\"pm_clear\"><\/div><div class=\"pm-member-pagination-grid\"><ul class='page-numbers'>\n\t<li><span aria-label=\"Page 1\" aria-current=\"page\" class=\"page-numbers current\" data-no-translation-aria-label=\"\">1<\/span><\/li>\n\t<li><a aria-label=\"Page 2\" class=\"page-numbers\" href=\"\/en\/wp-json\/wp\/v2\/pages\/13717?pagenum=2\" data-no-translation-aria-label=\"\">2<\/a><\/li>\n\t<li><a class=\"next page-numbers\" href=\"\/en\/wp-json\/wp\/v2\/pages\/13717?pagenum=2\">&raquo;<\/a><\/li>\n<\/ul>\n<\/div>            <\/div>  \n          <\/div>\n                        \n        \n      <\/div>\n            \n<\/div>\n    <\/div>\n<div class=\"pm-popup-mask\"><\/div>    \n\n<div id=\"pm-edit-group-popup\" style=\"display: none;\">\n    <div class=\"pm-popup-container\" id=\"pg_edit_group_html_container\">\n     \n        \n    <\/div>\n<\/div>","protected":false},"excerpt":{"rendered":"","protected":false},"author":3,"featured_media":0,"parent":0,"menu_order":0,"comment_status":"closed","ping_status":"closed","template":"","meta":{"_acf_changed":false,"inline_featured_image":false,"pmpro_default_level":"","footnotes":"","_wp_rev_ctl_limit":""},"class_list":["post-13717","page","type-page","status-publish","hentry","pmpro-has-access"],"acf":[],"yoast_head":"<!-- This site is optimized with the Yoast SEO Premium plugin v27.3 (Yoast SEO v27.3) - https:\/\/yoast.com\/product\/yoast-seo-premium-wordpress\/ -->\n<title>Grupo de usuarios por defecto &#8212; QUALIFICALIA\u00ae<\/title>\n<meta name=\"robots\" content=\"index, follow, max-snippet:-1, max-image-preview:large, max-video-preview:-1\" \/>\n<link rel=\"canonical\" href=\"https:\/\/qualificalia.com\/en\/grupo-de-usuarios-por-defecto\/\" \/>\n<meta property=\"og:locale\" content=\"en_GB\" \/>\n<meta property=\"og:type\" content=\"article\" \/>\n<meta property=\"og:title\" content=\"Grupo de usuarios por defecto\" \/>\n<meta property=\"og:url\" content=\"https:\/\/qualificalia.com\/en\/grupo-de-usuarios-por-defecto\/\" \/>\n<meta property=\"og:site_name\" content=\"QUALIFICALIA\u00ae\" \/>\n<meta property=\"article:publisher\" content=\"https:\/\/www.linkedin.com\/company\/qualificalia\/\" \/>\n<meta name=\"twitter:card\" content=\"summary_large_image\" \/>\n<script type=\"application\/ld+json\" class=\"yoast-schema-graph\">{\"@context\":\"https:\\\/\\\/schema.org\",\"@graph\":[{\"@type\":\"WebPage\",\"@id\":\"https:\\\/\\\/qualificalia.com\\\/grupo-de-usuarios-por-defecto\\\/\",\"url\":\"https:\\\/\\\/qualificalia.com\\\/grupo-de-usuarios-por-defecto\\\/\",\"name\":\"Grupo de usuarios por defecto &#8212; QUALIFICALIA\u00ae\",\"isPartOf\":{\"@id\":\"https:\\\/\\\/qualificalia.com\\\/#website\"},\"datePublished\":\"2023-02-01T19:34:17+00:00\",\"breadcrumb\":{\"@id\":\"https:\\\/\\\/qualificalia.com\\\/grupo-de-usuarios-por-defecto\\\/#breadcrumb\"},\"inLanguage\":\"en-GB\",\"potentialAction\":[{\"@type\":\"ReadAction\",\"target\":[\"https:\\\/\\\/qualificalia.com\\\/grupo-de-usuarios-por-defecto\\\/\"]}]},{\"@type\":\"BreadcrumbList\",\"@id\":\"https:\\\/\\\/qualificalia.com\\\/grupo-de-usuarios-por-defecto\\\/#breadcrumb\",\"itemListElement\":[{\"@type\":\"ListItem\",\"position\":1,\"name\":\"Portada\",\"item\":\"https:\\\/\\\/qualificalia.com\\\/\"},{\"@type\":\"ListItem\",\"position\":2,\"name\":\"Grupo de usuarios por defecto\"}]},{\"@type\":\"WebSite\",\"@id\":\"https:\\\/\\\/qualificalia.com\\\/#website\",\"url\":\"https:\\\/\\\/qualificalia.com\\\/\",\"name\":\"Qualificalia\",\"description\":\"Competencias Transversales y Microcredenciales\",\"publisher\":{\"@id\":\"https:\\\/\\\/qualificalia.com\\\/#organization\"},\"potentialAction\":[{\"@type\":\"SearchAction\",\"target\":{\"@type\":\"EntryPoint\",\"urlTemplate\":\"https:\\\/\\\/qualificalia.com\\\/?s={search_term_string}\"},\"query-input\":{\"@type\":\"PropertyValueSpecification\",\"valueRequired\":true,\"valueName\":\"search_term_string\"}}],\"inLanguage\":\"en-GB\"},{\"@type\":\"Organization\",\"@id\":\"https:\\\/\\\/qualificalia.com\\\/#organization\",\"name\":\"Qualificalia Analytics SL\",\"alternateName\":\"QUALIFICALIA\",\"url\":\"https:\\\/\\\/qualificalia.com\\\/\",\"logo\":{\"@type\":\"ImageObject\",\"inLanguage\":\"en-GB\",\"@id\":\"https:\\\/\\\/qualificalia.com\\\/#\\\/schema\\\/logo\\\/image\\\/\",\"url\":\"https:\\\/\\\/qualificalia.com\\\/wp-content\\\/uploads\\\/2023\\\/01\\\/Qualificalia-logo-rojo-negro.svg\",\"contentUrl\":\"https:\\\/\\\/qualificalia.com\\\/wp-content\\\/uploads\\\/2023\\\/01\\\/Qualificalia-logo-rojo-negro.svg\",\"width\":304,\"height\":70,\"caption\":\"Qualificalia Analytics SL\"},\"image\":{\"@id\":\"https:\\\/\\\/qualificalia.com\\\/#\\\/schema\\\/logo\\\/image\\\/\"},\"sameAs\":[\"https:\\\/\\\/www.linkedin.com\\\/company\\\/qualificalia\\\/\"],\"description\":\"QUALIFICALIA ANALYTICS SL es una consultora especializada en inteligencia organizacional, evaluaci\u00f3n de la calidad y gesti\u00f3n del desempe\u00f1o. Ofrece soluciones basadas en datos, inteligencia artificial y an\u00e1lisis estrat\u00e9gico para la mejora continua de instituciones p\u00fablicas y privadas. Su actividad incluye la formaci\u00f3n en competencias transversales, la acreditaci\u00f3n de la experiencia profesional y el desarrollo de sistemas de microcredenciales, alineados con marcos de aseguramiento de la calidad y est\u00e1ndares internacionales como ESG, gobernanza y gesti\u00f3n por resultados.\",\"email\":\"info@qualificalia.com\",\"telephone\":\"+34611546404\",\"legalName\":\"QUALIFICALIA ANALYTICS SL\",\"foundingDate\":\"2018-02-15\",\"vatID\":\"ESB47776992\",\"taxID\":\"B47776992\",\"duns\":\"468285752\",\"leiCode\":\"894500MXG331CHJYBA71\",\"numberOfEmployees\":{\"@type\":\"QuantitativeValue\",\"minValue\":\"1\",\"maxValue\":\"10\"}}]}<\/script>\n<!-- \/ Yoast SEO Premium plugin. -->","yoast_head_json":{"title":"Grupo de usuarios por defecto &#8212; QUALIFICALIA\u00ae","robots":{"index":"index","follow":"follow","max-snippet":"max-snippet:-1","max-image-preview":"max-image-preview:large","max-video-preview":"max-video-preview:-1"},"canonical":"https:\/\/qualificalia.com\/en\/grupo-de-usuarios-por-defecto\/","og_locale":"en_GB","og_type":"article","og_title":"Grupo de usuarios por defecto","og_url":"https:\/\/qualificalia.com\/en\/grupo-de-usuarios-por-defecto\/","og_site_name":"QUALIFICALIA\u00ae","article_publisher":"https:\/\/www.linkedin.com\/company\/qualificalia\/","twitter_card":"summary_large_image","schema":{"@context":"https:\/\/schema.org","@graph":[{"@type":"WebPage","@id":"https:\/\/qualificalia.com\/grupo-de-usuarios-por-defecto\/","url":"https:\/\/qualificalia.com\/grupo-de-usuarios-por-defecto\/","name":"Grupo de usuarios por defecto &#8212; QUALIFICALIA\u00ae","isPartOf":{"@id":"https:\/\/qualificalia.com\/#website"},"datePublished":"2023-02-01T19:34:17+00:00","breadcrumb":{"@id":"https:\/\/qualificalia.com\/grupo-de-usuarios-por-defecto\/#breadcrumb"},"inLanguage":"en-GB","potentialAction":[{"@type":"ReadAction","target":["https:\/\/qualificalia.com\/grupo-de-usuarios-por-defecto\/"]}]},{"@type":"BreadcrumbList","@id":"https:\/\/qualificalia.com\/grupo-de-usuarios-por-defecto\/#breadcrumb","itemListElement":[{"@type":"ListItem","position":1,"name":"Portada","item":"https:\/\/qualificalia.com\/"},{"@type":"ListItem","position":2,"name":"Grupo de usuarios por defecto"}]},{"@type":"WebSite","@id":"https:\/\/qualificalia.com\/#website","url":"https:\/\/qualificalia.com\/","name":"Qualificalia","description":"Transversal Skills and Microcredentials","publisher":{"@id":"https:\/\/qualificalia.com\/#organization"},"potentialAction":[{"@type":"SearchAction","target":{"@type":"EntryPoint","urlTemplate":"https:\/\/qualificalia.com\/?s={search_term_string}"},"query-input":{"@type":"PropertyValueSpecification","valueRequired":true,"valueName":"search_term_string"}}],"inLanguage":"en-GB"},{"@type":"Organization","@id":"https:\/\/qualificalia.com\/#organization","name":"Qualificalia Analytics SL","alternateName":"QUALIFICALIA","url":"https:\/\/qualificalia.com\/","logo":{"@type":"ImageObject","inLanguage":"en-GB","@id":"https:\/\/qualificalia.com\/#\/schema\/logo\/image\/","url":"https:\/\/qualificalia.com\/wp-content\/uploads\/2023\/01\/Qualificalia-logo-rojo-negro.svg","contentUrl":"https:\/\/qualificalia.com\/wp-content\/uploads\/2023\/01\/Qualificalia-logo-rojo-negro.svg","width":304,"height":70,"caption":"Qualificalia Analytics SL"},"image":{"@id":"https:\/\/qualificalia.com\/#\/schema\/logo\/image\/"},"sameAs":["https:\/\/www.linkedin.com\/company\/qualificalia\/"],"description":"QUALIFICALIA ANALYTICS SL es una consultora especializada en inteligencia organizacional, evaluaci\u00f3n de la calidad y gesti\u00f3n del desempe\u00f1o. Ofrece soluciones basadas en datos, inteligencia artificial y an\u00e1lisis estrat\u00e9gico para la mejora continua de instituciones p\u00fablicas y privadas. Su actividad incluye la formaci\u00f3n en competencias transversales, la acreditaci\u00f3n de la experiencia profesional y el desarrollo de sistemas de microcredenciales, alineados con marcos de aseguramiento de la calidad y est\u00e1ndares internacionales como ESG, gobernanza y gesti\u00f3n por resultados.","email":"info@qualificalia.com","telephone":"+34611546404","legalName":"QUALIFICALIA ANALYTICS SL","foundingDate":"2018-02-15","vatID":"ESB47776992","taxID":"B47776992","duns":"468285752","leiCode":"894500MXG331CHJYBA71","numberOfEmployees":{"@type":"QuantitativeValue","minValue":"1","maxValue":"10"}}]}},"_links":{"self":[{"href":"https:\/\/qualificalia.com\/en\/wp-json\/wp\/v2\/pages\/13717","targetHints":{"allow":["GET"]}}],"collection":[{"href":"https:\/\/qualificalia.com\/en\/wp-json\/wp\/v2\/pages"}],"about":[{"href":"https:\/\/qualificalia.com\/en\/wp-json\/wp\/v2\/types\/page"}],"author":[{"embeddable":true,"href":"https:\/\/qualificalia.com\/en\/wp-json\/wp\/v2\/users\/3"}],"replies":[{"embeddable":true,"href":"https:\/\/qualificalia.com\/en\/wp-json\/wp\/v2\/comments?post=13717"}],"version-history":[{"count":0,"href":"https:\/\/qualificalia.com\/en\/wp-json\/wp\/v2\/pages\/13717\/revisions"}],"wp:attachment":[{"href":"https:\/\/qualificalia.com\/en\/wp-json\/wp\/v2\/media?parent=13717"}],"curies":[{"name":"wp","href":"https:\/\/api.w.org\/{rel}","templated":true}]}}