{"id":51,"date":"2023-01-28T00:26:49","date_gmt":"2023-01-27T23:26:49","guid":{"rendered":"https:\/\/qualificalia.com\/lp-term-conditions\/"},"modified":"2023-01-28T00:26:49","modified_gmt":"2023-01-27T23:26:49","slug":"lp-term-conditions","status":"publish","type":"page","link":"https:\/\/qualificalia.com\/en\/lp-term-conditions\/","title":{"rendered":"Term Conditions"},"content":{"rendered":"","protected":false},"excerpt":{"rendered":"","protected":false},"author":3,"featured_media":0,"parent":0,"menu_order":0,"comment_status":"closed","ping_status":"closed","template":"","meta":{"_acf_changed":false,"inline_featured_image":false,"pmpro_default_level":"","footnotes":"","_wp_rev_ctl_limit":""},"class_list":["post-51","page","type-page","status-publish","hentry","pmpro-has-access"],"acf":[],"yoast_head":"<!-- This site is optimized with the Yoast SEO Premium plugin v27.3 (Yoast SEO v27.3) - https:\/\/yoast.com\/product\/yoast-seo-premium-wordpress\/ -->\n<title>Term Conditions &#8212; QUALIFICALIA\u00ae<\/title>\n<meta name=\"robots\" content=\"index, follow, max-snippet:-1, max-image-preview:large, max-video-preview:-1\" \/>\n<link rel=\"canonical\" href=\"https:\/\/qualificalia.com\/en\/lp-term-conditions\/\" \/>\n<meta property=\"og:locale\" content=\"en_GB\" \/>\n<meta property=\"og:type\" content=\"article\" \/>\n<meta property=\"og:title\" content=\"Term Conditions\" \/>\n<meta property=\"og:url\" content=\"https:\/\/qualificalia.com\/en\/lp-term-conditions\/\" \/>\n<meta property=\"og:site_name\" content=\"QUALIFICALIA\u00ae\" \/>\n<meta property=\"article:publisher\" content=\"https:\/\/www.linkedin.com\/company\/qualificalia\/\" \/>\n<meta name=\"twitter:card\" content=\"summary_large_image\" \/>\n<script type=\"application\/ld+json\" class=\"yoast-schema-graph\">{\"@context\":\"https:\\\/\\\/schema.org\",\"@graph\":[{\"@type\":\"WebPage\",\"@id\":\"https:\\\/\\\/qualificalia.com\\\/lp-term-conditions\\\/\",\"url\":\"https:\\\/\\\/qualificalia.com\\\/lp-term-conditions\\\/\",\"name\":\"Term Conditions &#8212; QUALIFICALIA\u00ae\",\"isPartOf\":{\"@id\":\"https:\\\/\\\/qualificalia.com\\\/#website\"},\"datePublished\":\"2023-01-27T23:26:49+00:00\",\"breadcrumb\":{\"@id\":\"https:\\\/\\\/qualificalia.com\\\/lp-term-conditions\\\/#breadcrumb\"},\"inLanguage\":\"en-GB\",\"potentialAction\":[{\"@type\":\"ReadAction\",\"target\":[\"https:\\\/\\\/qualificalia.com\\\/lp-term-conditions\\\/\"]}]},{\"@type\":\"BreadcrumbList\",\"@id\":\"https:\\\/\\\/qualificalia.com\\\/lp-term-conditions\\\/#breadcrumb\",\"itemListElement\":[{\"@type\":\"ListItem\",\"position\":1,\"name\":\"Portada\",\"item\":\"https:\\\/\\\/qualificalia.com\\\/\"},{\"@type\":\"ListItem\",\"position\":2,\"name\":\"Term Conditions\"}]},{\"@type\":\"WebSite\",\"@id\":\"https:\\\/\\\/qualificalia.com\\\/#website\",\"url\":\"https:\\\/\\\/qualificalia.com\\\/\",\"name\":\"Qualificalia\",\"description\":\"Competencias Transversales y Microcredenciales\",\"publisher\":{\"@id\":\"https:\\\/\\\/qualificalia.com\\\/#organization\"},\"potentialAction\":[{\"@type\":\"SearchAction\",\"target\":{\"@type\":\"EntryPoint\",\"urlTemplate\":\"https:\\\/\\\/qualificalia.com\\\/?s={search_term_string}\"},\"query-input\":{\"@type\":\"PropertyValueSpecification\",\"valueRequired\":true,\"valueName\":\"search_term_string\"}}],\"inLanguage\":\"en-GB\"},{\"@type\":\"Organization\",\"@id\":\"https:\\\/\\\/qualificalia.com\\\/#organization\",\"name\":\"Qualificalia Analytics SL\",\"alternateName\":\"QUALIFICALIA\",\"url\":\"https:\\\/\\\/qualificalia.com\\\/\",\"logo\":{\"@type\":\"ImageObject\",\"inLanguage\":\"en-GB\",\"@id\":\"https:\\\/\\\/qualificalia.com\\\/#\\\/schema\\\/logo\\\/image\\\/\",\"url\":\"https:\\\/\\\/qualificalia.com\\\/wp-content\\\/uploads\\\/2023\\\/01\\\/Qualificalia-logo-rojo-negro.svg\",\"contentUrl\":\"https:\\\/\\\/qualificalia.com\\\/wp-content\\\/uploads\\\/2023\\\/01\\\/Qualificalia-logo-rojo-negro.svg\",\"width\":304,\"height\":70,\"caption\":\"Qualificalia Analytics SL\"},\"image\":{\"@id\":\"https:\\\/\\\/qualificalia.com\\\/#\\\/schema\\\/logo\\\/image\\\/\"},\"sameAs\":[\"https:\\\/\\\/www.linkedin.com\\\/company\\\/qualificalia\\\/\"],\"description\":\"QUALIFICALIA ANALYTICS SL es una consultora especializada en inteligencia organizacional, evaluaci\u00f3n de la calidad y gesti\u00f3n del desempe\u00f1o. Ofrece soluciones basadas en datos, inteligencia artificial y an\u00e1lisis estrat\u00e9gico para la mejora continua de instituciones p\u00fablicas y privadas. Su actividad incluye la formaci\u00f3n en competencias transversales, la acreditaci\u00f3n de la experiencia profesional y el desarrollo de sistemas de microcredenciales, alineados con marcos de aseguramiento de la calidad y est\u00e1ndares internacionales como ESG, gobernanza y gesti\u00f3n por resultados.\",\"email\":\"info@qualificalia.com\",\"telephone\":\"+34611546404\",\"legalName\":\"QUALIFICALIA ANALYTICS SL\",\"foundingDate\":\"2018-02-15\",\"vatID\":\"ESB47776992\",\"taxID\":\"B47776992\",\"duns\":\"468285752\",\"leiCode\":\"894500MXG331CHJYBA71\",\"numberOfEmployees\":{\"@type\":\"QuantitativeValue\",\"minValue\":\"1\",\"maxValue\":\"10\"}}]}<\/script>\n<!-- \/ Yoast SEO Premium plugin. -->","yoast_head_json":{"title":"Term Conditions &#8212; QUALIFICALIA\u00ae","robots":{"index":"index","follow":"follow","max-snippet":"max-snippet:-1","max-image-preview":"max-image-preview:large","max-video-preview":"max-video-preview:-1"},"canonical":"https:\/\/qualificalia.com\/en\/lp-term-conditions\/","og_locale":"en_GB","og_type":"article","og_title":"Term Conditions","og_url":"https:\/\/qualificalia.com\/en\/lp-term-conditions\/","og_site_name":"QUALIFICALIA\u00ae","article_publisher":"https:\/\/www.linkedin.com\/company\/qualificalia\/","twitter_card":"summary_large_image","schema":{"@context":"https:\/\/schema.org","@graph":[{"@type":"WebPage","@id":"https:\/\/qualificalia.com\/lp-term-conditions\/","url":"https:\/\/qualificalia.com\/lp-term-conditions\/","name":"Term Conditions &#8212; QUALIFICALIA\u00ae","isPartOf":{"@id":"https:\/\/qualificalia.com\/#website"},"datePublished":"2023-01-27T23:26:49+00:00","breadcrumb":{"@id":"https:\/\/qualificalia.com\/lp-term-conditions\/#breadcrumb"},"inLanguage":"en-GB","potentialAction":[{"@type":"ReadAction","target":["https:\/\/qualificalia.com\/lp-term-conditions\/"]}]},{"@type":"BreadcrumbList","@id":"https:\/\/qualificalia.com\/lp-term-conditions\/#breadcrumb","itemListElement":[{"@type":"ListItem","position":1,"name":"Portada","item":"https:\/\/qualificalia.com\/"},{"@type":"ListItem","position":2,"name":"Term Conditions"}]},{"@type":"WebSite","@id":"https:\/\/qualificalia.com\/#website","url":"https:\/\/qualificalia.com\/","name":"Qualificalia","description":"Transversal Skills and Microcredentials","publisher":{"@id":"https:\/\/qualificalia.com\/#organization"},"potentialAction":[{"@type":"SearchAction","target":{"@type":"EntryPoint","urlTemplate":"https:\/\/qualificalia.com\/?s={search_term_string}"},"query-input":{"@type":"PropertyValueSpecification","valueRequired":true,"valueName":"search_term_string"}}],"inLanguage":"en-GB"},{"@type":"Organization","@id":"https:\/\/qualificalia.com\/#organization","name":"Qualificalia Analytics SL","alternateName":"QUALIFICALIA","url":"https:\/\/qualificalia.com\/","logo":{"@type":"ImageObject","inLanguage":"en-GB","@id":"https:\/\/qualificalia.com\/#\/schema\/logo\/image\/","url":"https:\/\/qualificalia.com\/wp-content\/uploads\/2023\/01\/Qualificalia-logo-rojo-negro.svg","contentUrl":"https:\/\/qualificalia.com\/wp-content\/uploads\/2023\/01\/Qualificalia-logo-rojo-negro.svg","width":304,"height":70,"caption":"Qualificalia Analytics SL"},"image":{"@id":"https:\/\/qualificalia.com\/#\/schema\/logo\/image\/"},"sameAs":["https:\/\/www.linkedin.com\/company\/qualificalia\/"],"description":"QUALIFICALIA ANALYTICS SL es una consultora especializada en inteligencia organizacional, evaluaci\u00f3n de la calidad y gesti\u00f3n del desempe\u00f1o. Ofrece soluciones basadas en datos, inteligencia artificial y an\u00e1lisis estrat\u00e9gico para la mejora continua de instituciones p\u00fablicas y privadas. Su actividad incluye la formaci\u00f3n en competencias transversales, la acreditaci\u00f3n de la experiencia profesional y el desarrollo de sistemas de microcredenciales, alineados con marcos de aseguramiento de la calidad y est\u00e1ndares internacionales como ESG, gobernanza y gesti\u00f3n por resultados.","email":"info@qualificalia.com","telephone":"+34611546404","legalName":"QUALIFICALIA ANALYTICS SL","foundingDate":"2018-02-15","vatID":"ESB47776992","taxID":"B47776992","duns":"468285752","leiCode":"894500MXG331CHJYBA71","numberOfEmployees":{"@type":"QuantitativeValue","minValue":"1","maxValue":"10"}}]}},"_links":{"self":[{"href":"https:\/\/qualificalia.com\/en\/wp-json\/wp\/v2\/pages\/51","targetHints":{"allow":["GET"]}}],"collection":[{"href":"https:\/\/qualificalia.com\/en\/wp-json\/wp\/v2\/pages"}],"about":[{"href":"https:\/\/qualificalia.com\/en\/wp-json\/wp\/v2\/types\/page"}],"author":[{"embeddable":true,"href":"https:\/\/qualificalia.com\/en\/wp-json\/wp\/v2\/users\/3"}],"replies":[{"embeddable":true,"href":"https:\/\/qualificalia.com\/en\/wp-json\/wp\/v2\/comments?post=51"}],"version-history":[{"count":0,"href":"https:\/\/qualificalia.com\/en\/wp-json\/wp\/v2\/pages\/51\/revisions"}],"wp:attachment":[{"href":"https:\/\/qualificalia.com\/en\/wp-json\/wp\/v2\/media?parent=51"}],"curies":[{"name":"wp","href":"https:\/\/api.w.org\/{rel}","templated":true}]}}