{"id":137,"date":"2013-06-07T11:05:37","date_gmt":"2013-06-07T11:05:37","guid":{"rendered":"http:\/\/demo2.woothemes.com\/woocommerce\/?post_type=product&amp;p=53"},"modified":"2024-11-08T08:42:56","modified_gmt":"2024-11-08T07:42:56","slug":"daham","status":"publish","type":"product","link":"https:\/\/qualificalia.com\/en\/product\/daham\/","title":{"rendered":"Graphic Design for Beginners"},"content":{"rendered":"<p>Proin congue vulputate augue, eget sagittis felis congue non. Donec eu turpis mattis, ultrices velit vitae, imperdiet nibh. Fusce non urna sed ante dapibus hendrerit. Mauris varius orci efficitur mi pellentesque, eget varius libero aliquam.<\/p>","protected":false},"excerpt":{"rendered":"<p>Proin congue vulputate augue, eget sagittis felis congue non. Donec eu turpis mattis, ultrices velit vitae, imperdiet nibh. Fusce non urna sed ante dapibus hendrerit. Mauris varius orci efficitur mi pellentesque, eget varius libero aliquam.<\/p>","protected":false},"featured_media":11475,"comment_status":"open","ping_status":"closed","template":"","meta":{"_acf_changed":false,"inline_featured_image":false,"pmpro_default_level":""},"product_brand":[],"product_cat":[29],"product_tag":[],"class_list":{"0":"post-137","1":"product","2":"type-product","3":"status-publish","4":"has-post-thumbnail","6":"product_cat-accessories","7":"pmpro-has-access","9":"first","10":"instock","11":"taxable","12":"shipping-taxable","13":"purchasable","14":"product-type-simple"},"acf":[],"yoast_head":"<!-- This site is optimized with the Yoast SEO Premium plugin v27.3 (Yoast SEO v27.3) - https:\/\/yoast.com\/product\/yoast-seo-premium-wordpress\/ -->\n<title>Graphic Design for Beginners &#8212; QUALIFICALIA\u00ae<\/title>\n<meta name=\"robots\" content=\"index, follow, max-snippet:-1, max-image-preview:large, max-video-preview:-1\" \/>\n<link rel=\"canonical\" href=\"https:\/\/qualificalia.com\/en\/product\/daham\/\" \/>\n<meta property=\"og:locale\" content=\"en_GB\" \/>\n<meta property=\"og:type\" content=\"article\" \/>\n<meta property=\"og:title\" content=\"Graphic Design for Beginners\" \/>\n<meta property=\"og:description\" content=\"Proin congue vulputate augue, eget sagittis felis congue non. Donec eu turpis mattis, ultrices velit vitae, imperdiet nibh. Fusce non urna sed ante dapibus hendrerit. Mauris varius orci efficitur mi pellentesque, eget varius libero aliquam.\" \/>\n<meta property=\"og:url\" content=\"https:\/\/qualificalia.com\/en\/product\/daham\/\" \/>\n<meta property=\"og:site_name\" content=\"QUALIFICALIA\u00ae\" \/>\n<meta property=\"article:publisher\" content=\"https:\/\/www.linkedin.com\/company\/qualificalia\/\" \/>\n<meta property=\"article:modified_time\" content=\"2024-11-08T07:42:56+00:00\" \/>\n<meta property=\"og:image\" content=\"https:\/\/qualificalia.com\/wp-content\/uploads\/2022\/04\/product-9.png\" \/>\n\t<meta property=\"og:image:width\" content=\"645\" \/>\n\t<meta property=\"og:image:height\" content=\"645\" \/>\n\t<meta property=\"og:image:type\" content=\"image\/png\" \/>\n<meta name=\"twitter:card\" content=\"summary_large_image\" \/>\n<script type=\"application\/ld+json\" class=\"yoast-schema-graph\">{\"@context\":\"https:\\\/\\\/schema.org\",\"@graph\":[{\"@type\":\"WebPage\",\"@id\":\"https:\\\/\\\/qualificalia.com\\\/producto\\\/daham\\\/\",\"url\":\"https:\\\/\\\/qualificalia.com\\\/producto\\\/daham\\\/\",\"name\":\"Graphic Design for Beginners &#8212; QUALIFICALIA\u00ae\",\"isPartOf\":{\"@id\":\"https:\\\/\\\/qualificalia.com\\\/#website\"},\"primaryImageOfPage\":{\"@id\":\"https:\\\/\\\/qualificalia.com\\\/producto\\\/daham\\\/#primaryimage\"},\"image\":{\"@id\":\"https:\\\/\\\/qualificalia.com\\\/producto\\\/daham\\\/#primaryimage\"},\"thumbnailUrl\":\"https:\\\/\\\/qualificalia.com\\\/wp-content\\\/uploads\\\/2022\\\/04\\\/product-9.png\",\"datePublished\":\"2013-06-07T11:05:37+00:00\",\"dateModified\":\"2024-11-08T07:42:56+00:00\",\"breadcrumb\":{\"@id\":\"https:\\\/\\\/qualificalia.com\\\/producto\\\/daham\\\/#breadcrumb\"},\"inLanguage\":\"en-GB\",\"potentialAction\":[{\"@type\":\"ReadAction\",\"target\":[\"https:\\\/\\\/qualificalia.com\\\/producto\\\/daham\\\/\"]}]},{\"@type\":\"ImageObject\",\"inLanguage\":\"en-GB\",\"@id\":\"https:\\\/\\\/qualificalia.com\\\/producto\\\/daham\\\/#primaryimage\",\"url\":\"https:\\\/\\\/qualificalia.com\\\/wp-content\\\/uploads\\\/2022\\\/04\\\/product-9.png\",\"contentUrl\":\"https:\\\/\\\/qualificalia.com\\\/wp-content\\\/uploads\\\/2022\\\/04\\\/product-9.png\",\"width\":645,\"height\":645},{\"@type\":\"BreadcrumbList\",\"@id\":\"https:\\\/\\\/qualificalia.com\\\/producto\\\/daham\\\/#breadcrumb\",\"itemListElement\":[{\"@type\":\"ListItem\",\"position\":1,\"name\":\"Portada\",\"item\":\"https:\\\/\\\/qualificalia.com\\\/\"},{\"@type\":\"ListItem\",\"position\":2,\"name\":\"Shop\",\"item\":\"https:\\\/\\\/qualificalia.com\\\/shop\\\/\"},{\"@type\":\"ListItem\",\"position\":3,\"name\":\"Graphic Design for Beginners\"}]},{\"@type\":\"WebSite\",\"@id\":\"https:\\\/\\\/qualificalia.com\\\/#website\",\"url\":\"https:\\\/\\\/qualificalia.com\\\/\",\"name\":\"Qualificalia\",\"description\":\"Competencias Transversales y Microcredenciales\",\"publisher\":{\"@id\":\"https:\\\/\\\/qualificalia.com\\\/#organization\"},\"potentialAction\":[{\"@type\":\"SearchAction\",\"target\":{\"@type\":\"EntryPoint\",\"urlTemplate\":\"https:\\\/\\\/qualificalia.com\\\/?s={search_term_string}\"},\"query-input\":{\"@type\":\"PropertyValueSpecification\",\"valueRequired\":true,\"valueName\":\"search_term_string\"}}],\"inLanguage\":\"en-GB\"},{\"@type\":\"Organization\",\"@id\":\"https:\\\/\\\/qualificalia.com\\\/#organization\",\"name\":\"Qualificalia Analytics SL\",\"alternateName\":\"QUALIFICALIA\",\"url\":\"https:\\\/\\\/qualificalia.com\\\/\",\"logo\":{\"@type\":\"ImageObject\",\"inLanguage\":\"en-GB\",\"@id\":\"https:\\\/\\\/qualificalia.com\\\/#\\\/schema\\\/logo\\\/image\\\/\",\"url\":\"https:\\\/\\\/qualificalia.com\\\/wp-content\\\/uploads\\\/2023\\\/01\\\/Qualificalia-logo-rojo-negro.svg\",\"contentUrl\":\"https:\\\/\\\/qualificalia.com\\\/wp-content\\\/uploads\\\/2023\\\/01\\\/Qualificalia-logo-rojo-negro.svg\",\"width\":304,\"height\":70,\"caption\":\"Qualificalia Analytics SL\"},\"image\":{\"@id\":\"https:\\\/\\\/qualificalia.com\\\/#\\\/schema\\\/logo\\\/image\\\/\"},\"sameAs\":[\"https:\\\/\\\/www.linkedin.com\\\/company\\\/qualificalia\\\/\"],\"description\":\"QUALIFICALIA ANALYTICS SL es una consultora especializada en inteligencia organizacional, evaluaci\u00f3n de la calidad y gesti\u00f3n del desempe\u00f1o. Ofrece soluciones basadas en datos, inteligencia artificial y an\u00e1lisis estrat\u00e9gico para la mejora continua de instituciones p\u00fablicas y privadas. Su actividad incluye la formaci\u00f3n en competencias transversales, la acreditaci\u00f3n de la experiencia profesional y el desarrollo de sistemas de microcredenciales, alineados con marcos de aseguramiento de la calidad y est\u00e1ndares internacionales como ESG, gobernanza y gesti\u00f3n por resultados.\",\"email\":\"info@qualificalia.com\",\"telephone\":\"+34611546404\",\"legalName\":\"QUALIFICALIA ANALYTICS SL\",\"foundingDate\":\"2018-02-15\",\"vatID\":\"ESB47776992\",\"taxID\":\"B47776992\",\"duns\":\"468285752\",\"leiCode\":\"894500MXG331CHJYBA71\",\"numberOfEmployees\":{\"@type\":\"QuantitativeValue\",\"minValue\":\"1\",\"maxValue\":\"10\"}}]}<\/script>\n<!-- \/ Yoast SEO Premium plugin. -->","yoast_head_json":{"title":"Graphic Design for Beginners &#8212; QUALIFICALIA\u00ae","robots":{"index":"index","follow":"follow","max-snippet":"max-snippet:-1","max-image-preview":"max-image-preview:large","max-video-preview":"max-video-preview:-1"},"canonical":"https:\/\/qualificalia.com\/en\/product\/daham\/","og_locale":"en_GB","og_type":"article","og_title":"Graphic Design for Beginners","og_description":"Proin congue vulputate augue, eget sagittis felis congue non. Donec eu turpis mattis, ultrices velit vitae, imperdiet nibh. Fusce non urna sed ante dapibus hendrerit. Mauris varius orci efficitur mi pellentesque, eget varius libero aliquam.","og_url":"https:\/\/qualificalia.com\/en\/product\/daham\/","og_site_name":"QUALIFICALIA\u00ae","article_publisher":"https:\/\/www.linkedin.com\/company\/qualificalia\/","article_modified_time":"2024-11-08T07:42:56+00:00","og_image":[{"width":645,"height":645,"url":"https:\/\/qualificalia.com\/wp-content\/uploads\/2022\/04\/product-9.png","type":"image\/png"}],"twitter_card":"summary_large_image","schema":{"@context":"https:\/\/schema.org","@graph":[{"@type":"WebPage","@id":"https:\/\/qualificalia.com\/producto\/daham\/","url":"https:\/\/qualificalia.com\/producto\/daham\/","name":"Graphic Design for Beginners &#8212; QUALIFICALIA\u00ae","isPartOf":{"@id":"https:\/\/qualificalia.com\/#website"},"primaryImageOfPage":{"@id":"https:\/\/qualificalia.com\/producto\/daham\/#primaryimage"},"image":{"@id":"https:\/\/qualificalia.com\/producto\/daham\/#primaryimage"},"thumbnailUrl":"https:\/\/qualificalia.com\/wp-content\/uploads\/2022\/04\/product-9.png","datePublished":"2013-06-07T11:05:37+00:00","dateModified":"2024-11-08T07:42:56+00:00","breadcrumb":{"@id":"https:\/\/qualificalia.com\/producto\/daham\/#breadcrumb"},"inLanguage":"en-GB","potentialAction":[{"@type":"ReadAction","target":["https:\/\/qualificalia.com\/producto\/daham\/"]}]},{"@type":"ImageObject","inLanguage":"en-GB","@id":"https:\/\/qualificalia.com\/producto\/daham\/#primaryimage","url":"https:\/\/qualificalia.com\/wp-content\/uploads\/2022\/04\/product-9.png","contentUrl":"https:\/\/qualificalia.com\/wp-content\/uploads\/2022\/04\/product-9.png","width":645,"height":645},{"@type":"BreadcrumbList","@id":"https:\/\/qualificalia.com\/producto\/daham\/#breadcrumb","itemListElement":[{"@type":"ListItem","position":1,"name":"Portada","item":"https:\/\/qualificalia.com\/"},{"@type":"ListItem","position":2,"name":"Shop","item":"https:\/\/qualificalia.com\/shop\/"},{"@type":"ListItem","position":3,"name":"Graphic Design for Beginners"}]},{"@type":"WebSite","@id":"https:\/\/qualificalia.com\/#website","url":"https:\/\/qualificalia.com\/","name":"Qualificalia","description":"Transversal Skills and Microcredentials","publisher":{"@id":"https:\/\/qualificalia.com\/#organization"},"potentialAction":[{"@type":"SearchAction","target":{"@type":"EntryPoint","urlTemplate":"https:\/\/qualificalia.com\/?s={search_term_string}"},"query-input":{"@type":"PropertyValueSpecification","valueRequired":true,"valueName":"search_term_string"}}],"inLanguage":"en-GB"},{"@type":"Organization","@id":"https:\/\/qualificalia.com\/#organization","name":"Qualificalia Analytics SL","alternateName":"QUALIFICALIA","url":"https:\/\/qualificalia.com\/","logo":{"@type":"ImageObject","inLanguage":"en-GB","@id":"https:\/\/qualificalia.com\/#\/schema\/logo\/image\/","url":"https:\/\/qualificalia.com\/wp-content\/uploads\/2023\/01\/Qualificalia-logo-rojo-negro.svg","contentUrl":"https:\/\/qualificalia.com\/wp-content\/uploads\/2023\/01\/Qualificalia-logo-rojo-negro.svg","width":304,"height":70,"caption":"Qualificalia Analytics SL"},"image":{"@id":"https:\/\/qualificalia.com\/#\/schema\/logo\/image\/"},"sameAs":["https:\/\/www.linkedin.com\/company\/qualificalia\/"],"description":"QUALIFICALIA ANALYTICS SL es una consultora especializada en inteligencia organizacional, evaluaci\u00f3n de la calidad y gesti\u00f3n del desempe\u00f1o. Ofrece soluciones basadas en datos, inteligencia artificial y an\u00e1lisis estrat\u00e9gico para la mejora continua de instituciones p\u00fablicas y privadas. Su actividad incluye la formaci\u00f3n en competencias transversales, la acreditaci\u00f3n de la experiencia profesional y el desarrollo de sistemas de microcredenciales, alineados con marcos de aseguramiento de la calidad y est\u00e1ndares internacionales como ESG, gobernanza y gesti\u00f3n por resultados.","email":"info@qualificalia.com","telephone":"+34611546404","legalName":"QUALIFICALIA ANALYTICS SL","foundingDate":"2018-02-15","vatID":"ESB47776992","taxID":"B47776992","duns":"468285752","leiCode":"894500MXG331CHJYBA71","numberOfEmployees":{"@type":"QuantitativeValue","minValue":"1","maxValue":"10"}}]}},"_links":{"self":[{"href":"https:\/\/qualificalia.com\/en\/wp-json\/wp\/v2\/product\/137","targetHints":{"allow":["GET"]}}],"collection":[{"href":"https:\/\/qualificalia.com\/en\/wp-json\/wp\/v2\/product"}],"about":[{"href":"https:\/\/qualificalia.com\/en\/wp-json\/wp\/v2\/types\/product"}],"replies":[{"embeddable":true,"href":"https:\/\/qualificalia.com\/en\/wp-json\/wp\/v2\/comments?post=137"}],"wp:featuredmedia":[{"embeddable":true,"href":"https:\/\/qualificalia.com\/en\/wp-json\/wp\/v2\/media\/11475"}],"wp:attachment":[{"href":"https:\/\/qualificalia.com\/en\/wp-json\/wp\/v2\/media?parent=137"}],"wp:term":[{"taxonomy":"product_brand","embeddable":true,"href":"https:\/\/qualificalia.com\/en\/wp-json\/wp\/v2\/product_brand?post=137"},{"taxonomy":"product_cat","embeddable":true,"href":"https:\/\/qualificalia.com\/en\/wp-json\/wp\/v2\/product_cat?post=137"},{"taxonomy":"product_tag","embeddable":true,"href":"https:\/\/qualificalia.com\/en\/wp-json\/wp\/v2\/product_tag?post=137"}],"curies":[{"name":"wp","href":"https:\/\/api.w.org\/{rel}","templated":true}]}}