{"id":142,"date":"2013-06-07T11:29:44","date_gmt":"2013-06-07T11:29:44","guid":{"rendered":"http:\/\/demo2.woothemes.com\/woocommerce\/?post_type=product&amp;p=79"},"modified":"2013-06-07T11:29:44","modified_gmt":"2013-06-07T11:29:44","slug":"bracelet","status":"publish","type":"product","link":"https:\/\/qualificalia.com\/en\/product\/bracelet\/","title":{"rendered":"Amazon FBA 2022"},"content":{"rendered":"<p>Donec venenatis consequat dolor, ac pharetra sapien feugiat eu. Ut fermentum congue rhoncus. Nullam nunc tortor, luctus in diam ut, tincidunt vulputate quam. Integer eget neque in arcu pulvinar commodo at nec sapien.<\/p>","protected":false},"excerpt":{"rendered":"<p>Donec venenatis consequat dolor, ac pharetra sapien feugiat eu. Ut fermentum congue rhoncus. Nullam nunc tortor, luctus in diam ut, tincidunt vulputate quam. Integer eget neque in arcu pulvinar commodo at nec sapien.<\/p>","protected":false},"featured_media":11470,"comment_status":"open","ping_status":"closed","template":"","meta":{"_acf_changed":false,"inline_featured_image":false,"pmpro_default_level":""},"product_brand":[],"product_cat":[29],"product_tag":[],"class_list":{"0":"post-142","1":"product","2":"type-product","3":"status-publish","4":"has-post-thumbnail","6":"product_cat-accessories","7":"pmpro-has-access","9":"first","10":"instock","11":"taxable","12":"shipping-taxable","13":"purchasable","14":"product-type-simple"},"acf":[],"yoast_head":"<!-- This site is optimized with the Yoast SEO Premium plugin v27.3 (Yoast SEO v27.3) - https:\/\/yoast.com\/product\/yoast-seo-premium-wordpress\/ -->\n<title>Amazon FBA 2022 &#8212; QUALIFICALIA\u00ae<\/title>\n<meta name=\"robots\" content=\"index, follow, max-snippet:-1, max-image-preview:large, max-video-preview:-1\" \/>\n<link rel=\"canonical\" href=\"https:\/\/qualificalia.com\/en\/product\/bracelet\/\" \/>\n<meta property=\"og:locale\" content=\"en_GB\" \/>\n<meta property=\"og:type\" content=\"article\" \/>\n<meta property=\"og:title\" content=\"Amazon FBA 2022\" \/>\n<meta property=\"og:description\" content=\"Donec venenatis consequat dolor, ac pharetra sapien feugiat eu. Ut fermentum congue rhoncus. Nullam nunc tortor, luctus in diam ut, tincidunt vulputate quam. Integer eget neque in arcu pulvinar commodo at nec sapien.\" \/>\n<meta property=\"og:url\" content=\"https:\/\/qualificalia.com\/en\/product\/bracelet\/\" \/>\n<meta property=\"og:site_name\" content=\"QUALIFICALIA\u00ae\" \/>\n<meta property=\"article:publisher\" content=\"https:\/\/www.linkedin.com\/company\/qualificalia\/\" \/>\n<meta property=\"og:image\" content=\"https:\/\/qualificalia.com\/wp-content\/uploads\/2022\/04\/product-4.png\" \/>\n\t<meta property=\"og:image:width\" content=\"645\" \/>\n\t<meta property=\"og:image:height\" content=\"645\" \/>\n\t<meta property=\"og:image:type\" content=\"image\/png\" \/>\n<meta name=\"twitter:card\" content=\"summary_large_image\" \/>\n<script type=\"application\/ld+json\" class=\"yoast-schema-graph\">{\"@context\":\"https:\\\/\\\/schema.org\",\"@graph\":[{\"@type\":\"WebPage\",\"@id\":\"https:\\\/\\\/qualificalia.com\\\/producto\\\/bracelet\\\/\",\"url\":\"https:\\\/\\\/qualificalia.com\\\/producto\\\/bracelet\\\/\",\"name\":\"Amazon FBA 2022 &#8212; QUALIFICALIA\u00ae\",\"isPartOf\":{\"@id\":\"https:\\\/\\\/qualificalia.com\\\/#website\"},\"primaryImageOfPage\":{\"@id\":\"https:\\\/\\\/qualificalia.com\\\/producto\\\/bracelet\\\/#primaryimage\"},\"image\":{\"@id\":\"https:\\\/\\\/qualificalia.com\\\/producto\\\/bracelet\\\/#primaryimage\"},\"thumbnailUrl\":\"https:\\\/\\\/qualificalia.com\\\/wp-content\\\/uploads\\\/2022\\\/04\\\/product-4.png\",\"datePublished\":\"2013-06-07T11:29:44+00:00\",\"breadcrumb\":{\"@id\":\"https:\\\/\\\/qualificalia.com\\\/producto\\\/bracelet\\\/#breadcrumb\"},\"inLanguage\":\"en-GB\",\"potentialAction\":[{\"@type\":\"ReadAction\",\"target\":[\"https:\\\/\\\/qualificalia.com\\\/producto\\\/bracelet\\\/\"]}]},{\"@type\":\"ImageObject\",\"inLanguage\":\"en-GB\",\"@id\":\"https:\\\/\\\/qualificalia.com\\\/producto\\\/bracelet\\\/#primaryimage\",\"url\":\"https:\\\/\\\/qualificalia.com\\\/wp-content\\\/uploads\\\/2022\\\/04\\\/product-4.png\",\"contentUrl\":\"https:\\\/\\\/qualificalia.com\\\/wp-content\\\/uploads\\\/2022\\\/04\\\/product-4.png\",\"width\":645,\"height\":645},{\"@type\":\"BreadcrumbList\",\"@id\":\"https:\\\/\\\/qualificalia.com\\\/producto\\\/bracelet\\\/#breadcrumb\",\"itemListElement\":[{\"@type\":\"ListItem\",\"position\":1,\"name\":\"Portada\",\"item\":\"https:\\\/\\\/qualificalia.com\\\/\"},{\"@type\":\"ListItem\",\"position\":2,\"name\":\"Shop\",\"item\":\"https:\\\/\\\/qualificalia.com\\\/shop\\\/\"},{\"@type\":\"ListItem\",\"position\":3,\"name\":\"Amazon FBA 2022\"}]},{\"@type\":\"WebSite\",\"@id\":\"https:\\\/\\\/qualificalia.com\\\/#website\",\"url\":\"https:\\\/\\\/qualificalia.com\\\/\",\"name\":\"Qualificalia\",\"description\":\"Competencias Transversales y Microcredenciales\",\"publisher\":{\"@id\":\"https:\\\/\\\/qualificalia.com\\\/#organization\"},\"potentialAction\":[{\"@type\":\"SearchAction\",\"target\":{\"@type\":\"EntryPoint\",\"urlTemplate\":\"https:\\\/\\\/qualificalia.com\\\/?s={search_term_string}\"},\"query-input\":{\"@type\":\"PropertyValueSpecification\",\"valueRequired\":true,\"valueName\":\"search_term_string\"}}],\"inLanguage\":\"en-GB\"},{\"@type\":\"Organization\",\"@id\":\"https:\\\/\\\/qualificalia.com\\\/#organization\",\"name\":\"Qualificalia Analytics SL\",\"alternateName\":\"QUALIFICALIA\",\"url\":\"https:\\\/\\\/qualificalia.com\\\/\",\"logo\":{\"@type\":\"ImageObject\",\"inLanguage\":\"en-GB\",\"@id\":\"https:\\\/\\\/qualificalia.com\\\/#\\\/schema\\\/logo\\\/image\\\/\",\"url\":\"https:\\\/\\\/qualificalia.com\\\/wp-content\\\/uploads\\\/2023\\\/01\\\/Qualificalia-logo-rojo-negro.svg\",\"contentUrl\":\"https:\\\/\\\/qualificalia.com\\\/wp-content\\\/uploads\\\/2023\\\/01\\\/Qualificalia-logo-rojo-negro.svg\",\"width\":304,\"height\":70,\"caption\":\"Qualificalia Analytics SL\"},\"image\":{\"@id\":\"https:\\\/\\\/qualificalia.com\\\/#\\\/schema\\\/logo\\\/image\\\/\"},\"sameAs\":[\"https:\\\/\\\/www.linkedin.com\\\/company\\\/qualificalia\\\/\"],\"description\":\"QUALIFICALIA ANALYTICS SL es una consultora especializada en inteligencia organizacional, evaluaci\u00f3n de la calidad y gesti\u00f3n del desempe\u00f1o. Ofrece soluciones basadas en datos, inteligencia artificial y an\u00e1lisis estrat\u00e9gico para la mejora continua de instituciones p\u00fablicas y privadas. Su actividad incluye la formaci\u00f3n en competencias transversales, la acreditaci\u00f3n de la experiencia profesional y el desarrollo de sistemas de microcredenciales, alineados con marcos de aseguramiento de la calidad y est\u00e1ndares internacionales como ESG, gobernanza y gesti\u00f3n por resultados.\",\"email\":\"info@qualificalia.com\",\"telephone\":\"+34611546404\",\"legalName\":\"QUALIFICALIA ANALYTICS SL\",\"foundingDate\":\"2018-02-15\",\"vatID\":\"ESB47776992\",\"taxID\":\"B47776992\",\"duns\":\"468285752\",\"leiCode\":\"894500MXG331CHJYBA71\",\"numberOfEmployees\":{\"@type\":\"QuantitativeValue\",\"minValue\":\"1\",\"maxValue\":\"10\"}}]}<\/script>\n<!-- \/ Yoast SEO Premium plugin. -->","yoast_head_json":{"title":"Amazon FBA 2022 &#8212; QUALIFICALIA\u00ae","robots":{"index":"index","follow":"follow","max-snippet":"max-snippet:-1","max-image-preview":"max-image-preview:large","max-video-preview":"max-video-preview:-1"},"canonical":"https:\/\/qualificalia.com\/en\/product\/bracelet\/","og_locale":"en_GB","og_type":"article","og_title":"Amazon FBA 2022","og_description":"Donec venenatis consequat dolor, ac pharetra sapien feugiat eu. Ut fermentum congue rhoncus. Nullam nunc tortor, luctus in diam ut, tincidunt vulputate quam. Integer eget neque in arcu pulvinar commodo at nec sapien.","og_url":"https:\/\/qualificalia.com\/en\/product\/bracelet\/","og_site_name":"QUALIFICALIA\u00ae","article_publisher":"https:\/\/www.linkedin.com\/company\/qualificalia\/","og_image":[{"width":645,"height":645,"url":"https:\/\/qualificalia.com\/wp-content\/uploads\/2022\/04\/product-4.png","type":"image\/png"}],"twitter_card":"summary_large_image","schema":{"@context":"https:\/\/schema.org","@graph":[{"@type":"WebPage","@id":"https:\/\/qualificalia.com\/producto\/bracelet\/","url":"https:\/\/qualificalia.com\/producto\/bracelet\/","name":"Amazon FBA 2022 &#8212; QUALIFICALIA\u00ae","isPartOf":{"@id":"https:\/\/qualificalia.com\/#website"},"primaryImageOfPage":{"@id":"https:\/\/qualificalia.com\/producto\/bracelet\/#primaryimage"},"image":{"@id":"https:\/\/qualificalia.com\/producto\/bracelet\/#primaryimage"},"thumbnailUrl":"https:\/\/qualificalia.com\/wp-content\/uploads\/2022\/04\/product-4.png","datePublished":"2013-06-07T11:29:44+00:00","breadcrumb":{"@id":"https:\/\/qualificalia.com\/producto\/bracelet\/#breadcrumb"},"inLanguage":"en-GB","potentialAction":[{"@type":"ReadAction","target":["https:\/\/qualificalia.com\/producto\/bracelet\/"]}]},{"@type":"ImageObject","inLanguage":"en-GB","@id":"https:\/\/qualificalia.com\/producto\/bracelet\/#primaryimage","url":"https:\/\/qualificalia.com\/wp-content\/uploads\/2022\/04\/product-4.png","contentUrl":"https:\/\/qualificalia.com\/wp-content\/uploads\/2022\/04\/product-4.png","width":645,"height":645},{"@type":"BreadcrumbList","@id":"https:\/\/qualificalia.com\/producto\/bracelet\/#breadcrumb","itemListElement":[{"@type":"ListItem","position":1,"name":"Portada","item":"https:\/\/qualificalia.com\/"},{"@type":"ListItem","position":2,"name":"Shop","item":"https:\/\/qualificalia.com\/shop\/"},{"@type":"ListItem","position":3,"name":"Amazon FBA 2022"}]},{"@type":"WebSite","@id":"https:\/\/qualificalia.com\/#website","url":"https:\/\/qualificalia.com\/","name":"Qualificalia","description":"Transversal Skills and Microcredentials","publisher":{"@id":"https:\/\/qualificalia.com\/#organization"},"potentialAction":[{"@type":"SearchAction","target":{"@type":"EntryPoint","urlTemplate":"https:\/\/qualificalia.com\/?s={search_term_string}"},"query-input":{"@type":"PropertyValueSpecification","valueRequired":true,"valueName":"search_term_string"}}],"inLanguage":"en-GB"},{"@type":"Organization","@id":"https:\/\/qualificalia.com\/#organization","name":"Qualificalia Analytics SL","alternateName":"QUALIFICALIA","url":"https:\/\/qualificalia.com\/","logo":{"@type":"ImageObject","inLanguage":"en-GB","@id":"https:\/\/qualificalia.com\/#\/schema\/logo\/image\/","url":"https:\/\/qualificalia.com\/wp-content\/uploads\/2023\/01\/Qualificalia-logo-rojo-negro.svg","contentUrl":"https:\/\/qualificalia.com\/wp-content\/uploads\/2023\/01\/Qualificalia-logo-rojo-negro.svg","width":304,"height":70,"caption":"Qualificalia Analytics SL"},"image":{"@id":"https:\/\/qualificalia.com\/#\/schema\/logo\/image\/"},"sameAs":["https:\/\/www.linkedin.com\/company\/qualificalia\/"],"description":"QUALIFICALIA ANALYTICS SL es una consultora especializada en inteligencia organizacional, evaluaci\u00f3n de la calidad y gesti\u00f3n del desempe\u00f1o. Ofrece soluciones basadas en datos, inteligencia artificial y an\u00e1lisis estrat\u00e9gico para la mejora continua de instituciones p\u00fablicas y privadas. Su actividad incluye la formaci\u00f3n en competencias transversales, la acreditaci\u00f3n de la experiencia profesional y el desarrollo de sistemas de microcredenciales, alineados con marcos de aseguramiento de la calidad y est\u00e1ndares internacionales como ESG, gobernanza y gesti\u00f3n por resultados.","email":"info@qualificalia.com","telephone":"+34611546404","legalName":"QUALIFICALIA ANALYTICS SL","foundingDate":"2018-02-15","vatID":"ESB47776992","taxID":"B47776992","duns":"468285752","leiCode":"894500MXG331CHJYBA71","numberOfEmployees":{"@type":"QuantitativeValue","minValue":"1","maxValue":"10"}}]}},"_links":{"self":[{"href":"https:\/\/qualificalia.com\/en\/wp-json\/wp\/v2\/product\/142","targetHints":{"allow":["GET"]}}],"collection":[{"href":"https:\/\/qualificalia.com\/en\/wp-json\/wp\/v2\/product"}],"about":[{"href":"https:\/\/qualificalia.com\/en\/wp-json\/wp\/v2\/types\/product"}],"replies":[{"embeddable":true,"href":"https:\/\/qualificalia.com\/en\/wp-json\/wp\/v2\/comments?post=142"}],"wp:featuredmedia":[{"embeddable":true,"href":"https:\/\/qualificalia.com\/en\/wp-json\/wp\/v2\/media\/11470"}],"wp:attachment":[{"href":"https:\/\/qualificalia.com\/en\/wp-json\/wp\/v2\/media?parent=142"}],"wp:term":[{"taxonomy":"product_brand","embeddable":true,"href":"https:\/\/qualificalia.com\/en\/wp-json\/wp\/v2\/product_brand?post=142"},{"taxonomy":"product_cat","embeddable":true,"href":"https:\/\/qualificalia.com\/en\/wp-json\/wp\/v2\/product_cat?post=142"},{"taxonomy":"product_tag","embeddable":true,"href":"https:\/\/qualificalia.com\/en\/wp-json\/wp\/v2\/product_tag?post=142"}],"curies":[{"name":"wp","href":"https:\/\/api.w.org\/{rel}","templated":true}]}}