{"id":144,"date":"2013-06-07T11:35:18","date_gmt":"2013-06-07T11:35:18","guid":{"rendered":"http:\/\/demo2.woothemes.com\/woocommerce\/?post_type=product&amp;p=90"},"modified":"2013-06-07T11:35:18","modified_gmt":"2013-06-07T11:35:18","slug":"wood-postcard","status":"publish","type":"product","link":"https:\/\/qualificalia.com\/en\/product\/wood-postcard\/","title":{"rendered":"A Magic School for Girls Chapter"},"content":{"rendered":"<p>Nam molestie, enim a blandit tempus, massa ante pretium lacus, bibendum eleifend augue tellus vitae nisl. Nullam sed sapien ante.<\/p>","protected":false},"excerpt":{"rendered":"<p>Nam molestie, enim a blandit tempus, massa ante pretium lacus, bibendum eleifend augue tellus vitae nisl. Nullam sed sapien ante.<\/p>","protected":false},"featured_media":11468,"comment_status":"open","ping_status":"closed","template":"","meta":{"_acf_changed":false,"inline_featured_image":false,"pmpro_default_level":""},"product_brand":[],"product_cat":[43],"product_tag":[],"class_list":{"0":"post-144","1":"product","2":"type-product","3":"status-publish","4":"has-post-thumbnail","6":"product_cat-postcard","7":"pmpro-has-access","9":"first","10":"instock","11":"downloadable","12":"taxable","13":"shipping-taxable","14":"purchasable","15":"product-type-simple"},"acf":[],"yoast_head":"<!-- This site is optimized with the Yoast SEO Premium plugin v27.3 (Yoast SEO v27.3) - https:\/\/yoast.com\/product\/yoast-seo-premium-wordpress\/ -->\n<title>A Magic School for Girls Chapter &#8212; QUALIFICALIA\u00ae<\/title>\n<meta name=\"robots\" content=\"index, follow, max-snippet:-1, max-image-preview:large, max-video-preview:-1\" \/>\n<link rel=\"canonical\" href=\"https:\/\/qualificalia.com\/en\/product\/wood-postcard\/\" \/>\n<meta property=\"og:locale\" content=\"en_GB\" \/>\n<meta property=\"og:type\" content=\"article\" \/>\n<meta property=\"og:title\" content=\"A Magic School for Girls Chapter\" \/>\n<meta property=\"og:description\" content=\"Nam molestie, enim a blandit tempus, massa ante pretium lacus, bibendum eleifend augue tellus vitae nisl. Nullam sed sapien ante.\" \/>\n<meta property=\"og:url\" content=\"https:\/\/qualificalia.com\/en\/product\/wood-postcard\/\" \/>\n<meta property=\"og:site_name\" content=\"QUALIFICALIA\u00ae\" \/>\n<meta property=\"article:publisher\" content=\"https:\/\/www.linkedin.com\/company\/qualificalia\/\" \/>\n<meta property=\"og:image\" content=\"https:\/\/qualificalia.com\/wp-content\/uploads\/2022\/04\/product-2.png\" \/>\n\t<meta property=\"og:image:width\" content=\"645\" \/>\n\t<meta property=\"og:image:height\" content=\"645\" \/>\n\t<meta property=\"og:image:type\" content=\"image\/png\" \/>\n<meta name=\"twitter:card\" content=\"summary_large_image\" \/>\n<script type=\"application\/ld+json\" class=\"yoast-schema-graph\">{\"@context\":\"https:\\\/\\\/schema.org\",\"@graph\":[{\"@type\":\"WebPage\",\"@id\":\"https:\\\/\\\/qualificalia.com\\\/producto\\\/wood-postcard\\\/\",\"url\":\"https:\\\/\\\/qualificalia.com\\\/producto\\\/wood-postcard\\\/\",\"name\":\"A Magic School for Girls Chapter &#8212; QUALIFICALIA\u00ae\",\"isPartOf\":{\"@id\":\"https:\\\/\\\/qualificalia.com\\\/#website\"},\"primaryImageOfPage\":{\"@id\":\"https:\\\/\\\/qualificalia.com\\\/producto\\\/wood-postcard\\\/#primaryimage\"},\"image\":{\"@id\":\"https:\\\/\\\/qualificalia.com\\\/producto\\\/wood-postcard\\\/#primaryimage\"},\"thumbnailUrl\":\"https:\\\/\\\/qualificalia.com\\\/wp-content\\\/uploads\\\/2022\\\/04\\\/product-2.png\",\"datePublished\":\"2013-06-07T11:35:18+00:00\",\"breadcrumb\":{\"@id\":\"https:\\\/\\\/qualificalia.com\\\/producto\\\/wood-postcard\\\/#breadcrumb\"},\"inLanguage\":\"en-GB\",\"potentialAction\":[{\"@type\":\"ReadAction\",\"target\":[\"https:\\\/\\\/qualificalia.com\\\/producto\\\/wood-postcard\\\/\"]}]},{\"@type\":\"ImageObject\",\"inLanguage\":\"en-GB\",\"@id\":\"https:\\\/\\\/qualificalia.com\\\/producto\\\/wood-postcard\\\/#primaryimage\",\"url\":\"https:\\\/\\\/qualificalia.com\\\/wp-content\\\/uploads\\\/2022\\\/04\\\/product-2.png\",\"contentUrl\":\"https:\\\/\\\/qualificalia.com\\\/wp-content\\\/uploads\\\/2022\\\/04\\\/product-2.png\",\"width\":645,\"height\":645},{\"@type\":\"BreadcrumbList\",\"@id\":\"https:\\\/\\\/qualificalia.com\\\/producto\\\/wood-postcard\\\/#breadcrumb\",\"itemListElement\":[{\"@type\":\"ListItem\",\"position\":1,\"name\":\"Portada\",\"item\":\"https:\\\/\\\/qualificalia.com\\\/\"},{\"@type\":\"ListItem\",\"position\":2,\"name\":\"Shop\",\"item\":\"https:\\\/\\\/qualificalia.com\\\/shop\\\/\"},{\"@type\":\"ListItem\",\"position\":3,\"name\":\"A Magic School for Girls Chapter\"}]},{\"@type\":\"WebSite\",\"@id\":\"https:\\\/\\\/qualificalia.com\\\/#website\",\"url\":\"https:\\\/\\\/qualificalia.com\\\/\",\"name\":\"Qualificalia\",\"description\":\"Competencias Transversales y Microcredenciales\",\"publisher\":{\"@id\":\"https:\\\/\\\/qualificalia.com\\\/#organization\"},\"potentialAction\":[{\"@type\":\"SearchAction\",\"target\":{\"@type\":\"EntryPoint\",\"urlTemplate\":\"https:\\\/\\\/qualificalia.com\\\/?s={search_term_string}\"},\"query-input\":{\"@type\":\"PropertyValueSpecification\",\"valueRequired\":true,\"valueName\":\"search_term_string\"}}],\"inLanguage\":\"en-GB\"},{\"@type\":\"Organization\",\"@id\":\"https:\\\/\\\/qualificalia.com\\\/#organization\",\"name\":\"Qualificalia Analytics SL\",\"alternateName\":\"QUALIFICALIA\",\"url\":\"https:\\\/\\\/qualificalia.com\\\/\",\"logo\":{\"@type\":\"ImageObject\",\"inLanguage\":\"en-GB\",\"@id\":\"https:\\\/\\\/qualificalia.com\\\/#\\\/schema\\\/logo\\\/image\\\/\",\"url\":\"https:\\\/\\\/qualificalia.com\\\/wp-content\\\/uploads\\\/2023\\\/01\\\/Qualificalia-logo-rojo-negro.svg\",\"contentUrl\":\"https:\\\/\\\/qualificalia.com\\\/wp-content\\\/uploads\\\/2023\\\/01\\\/Qualificalia-logo-rojo-negro.svg\",\"width\":304,\"height\":70,\"caption\":\"Qualificalia Analytics SL\"},\"image\":{\"@id\":\"https:\\\/\\\/qualificalia.com\\\/#\\\/schema\\\/logo\\\/image\\\/\"},\"sameAs\":[\"https:\\\/\\\/www.linkedin.com\\\/company\\\/qualificalia\\\/\"],\"description\":\"QUALIFICALIA ANALYTICS SL es una consultora especializada en inteligencia organizacional, evaluaci\u00f3n de la calidad y gesti\u00f3n del desempe\u00f1o. Ofrece soluciones basadas en datos, inteligencia artificial y an\u00e1lisis estrat\u00e9gico para la mejora continua de instituciones p\u00fablicas y privadas. Su actividad incluye la formaci\u00f3n en competencias transversales, la acreditaci\u00f3n de la experiencia profesional y el desarrollo de sistemas de microcredenciales, alineados con marcos de aseguramiento de la calidad y est\u00e1ndares internacionales como ESG, gobernanza y gesti\u00f3n por resultados.\",\"email\":\"info@qualificalia.com\",\"telephone\":\"+34611546404\",\"legalName\":\"QUALIFICALIA ANALYTICS SL\",\"foundingDate\":\"2018-02-15\",\"vatID\":\"ESB47776992\",\"taxID\":\"B47776992\",\"duns\":\"468285752\",\"leiCode\":\"894500MXG331CHJYBA71\",\"numberOfEmployees\":{\"@type\":\"QuantitativeValue\",\"minValue\":\"1\",\"maxValue\":\"10\"}}]}<\/script>\n<!-- \/ Yoast SEO Premium plugin. -->","yoast_head_json":{"title":"A Magic School for Girls Chapter &#8212; QUALIFICALIA\u00ae","robots":{"index":"index","follow":"follow","max-snippet":"max-snippet:-1","max-image-preview":"max-image-preview:large","max-video-preview":"max-video-preview:-1"},"canonical":"https:\/\/qualificalia.com\/en\/product\/wood-postcard\/","og_locale":"en_GB","og_type":"article","og_title":"A Magic School for Girls Chapter","og_description":"Nam molestie, enim a blandit tempus, massa ante pretium lacus, bibendum eleifend augue tellus vitae nisl. Nullam sed sapien ante.","og_url":"https:\/\/qualificalia.com\/en\/product\/wood-postcard\/","og_site_name":"QUALIFICALIA\u00ae","article_publisher":"https:\/\/www.linkedin.com\/company\/qualificalia\/","og_image":[{"width":645,"height":645,"url":"https:\/\/qualificalia.com\/wp-content\/uploads\/2022\/04\/product-2.png","type":"image\/png"}],"twitter_card":"summary_large_image","schema":{"@context":"https:\/\/schema.org","@graph":[{"@type":"WebPage","@id":"https:\/\/qualificalia.com\/producto\/wood-postcard\/","url":"https:\/\/qualificalia.com\/producto\/wood-postcard\/","name":"A Magic School for Girls Chapter &#8212; QUALIFICALIA\u00ae","isPartOf":{"@id":"https:\/\/qualificalia.com\/#website"},"primaryImageOfPage":{"@id":"https:\/\/qualificalia.com\/producto\/wood-postcard\/#primaryimage"},"image":{"@id":"https:\/\/qualificalia.com\/producto\/wood-postcard\/#primaryimage"},"thumbnailUrl":"https:\/\/qualificalia.com\/wp-content\/uploads\/2022\/04\/product-2.png","datePublished":"2013-06-07T11:35:18+00:00","breadcrumb":{"@id":"https:\/\/qualificalia.com\/producto\/wood-postcard\/#breadcrumb"},"inLanguage":"en-GB","potentialAction":[{"@type":"ReadAction","target":["https:\/\/qualificalia.com\/producto\/wood-postcard\/"]}]},{"@type":"ImageObject","inLanguage":"en-GB","@id":"https:\/\/qualificalia.com\/producto\/wood-postcard\/#primaryimage","url":"https:\/\/qualificalia.com\/wp-content\/uploads\/2022\/04\/product-2.png","contentUrl":"https:\/\/qualificalia.com\/wp-content\/uploads\/2022\/04\/product-2.png","width":645,"height":645},{"@type":"BreadcrumbList","@id":"https:\/\/qualificalia.com\/producto\/wood-postcard\/#breadcrumb","itemListElement":[{"@type":"ListItem","position":1,"name":"Portada","item":"https:\/\/qualificalia.com\/"},{"@type":"ListItem","position":2,"name":"Shop","item":"https:\/\/qualificalia.com\/shop\/"},{"@type":"ListItem","position":3,"name":"A Magic School for Girls Chapter"}]},{"@type":"WebSite","@id":"https:\/\/qualificalia.com\/#website","url":"https:\/\/qualificalia.com\/","name":"Qualificalia","description":"Transversal Skills and Microcredentials","publisher":{"@id":"https:\/\/qualificalia.com\/#organization"},"potentialAction":[{"@type":"SearchAction","target":{"@type":"EntryPoint","urlTemplate":"https:\/\/qualificalia.com\/?s={search_term_string}"},"query-input":{"@type":"PropertyValueSpecification","valueRequired":true,"valueName":"search_term_string"}}],"inLanguage":"en-GB"},{"@type":"Organization","@id":"https:\/\/qualificalia.com\/#organization","name":"Qualificalia Analytics SL","alternateName":"QUALIFICALIA","url":"https:\/\/qualificalia.com\/","logo":{"@type":"ImageObject","inLanguage":"en-GB","@id":"https:\/\/qualificalia.com\/#\/schema\/logo\/image\/","url":"https:\/\/qualificalia.com\/wp-content\/uploads\/2023\/01\/Qualificalia-logo-rojo-negro.svg","contentUrl":"https:\/\/qualificalia.com\/wp-content\/uploads\/2023\/01\/Qualificalia-logo-rojo-negro.svg","width":304,"height":70,"caption":"Qualificalia Analytics SL"},"image":{"@id":"https:\/\/qualificalia.com\/#\/schema\/logo\/image\/"},"sameAs":["https:\/\/www.linkedin.com\/company\/qualificalia\/"],"description":"QUALIFICALIA ANALYTICS SL es una consultora especializada en inteligencia organizacional, evaluaci\u00f3n de la calidad y gesti\u00f3n del desempe\u00f1o. Ofrece soluciones basadas en datos, inteligencia artificial y an\u00e1lisis estrat\u00e9gico para la mejora continua de instituciones p\u00fablicas y privadas. Su actividad incluye la formaci\u00f3n en competencias transversales, la acreditaci\u00f3n de la experiencia profesional y el desarrollo de sistemas de microcredenciales, alineados con marcos de aseguramiento de la calidad y est\u00e1ndares internacionales como ESG, gobernanza y gesti\u00f3n por resultados.","email":"info@qualificalia.com","telephone":"+34611546404","legalName":"QUALIFICALIA ANALYTICS SL","foundingDate":"2018-02-15","vatID":"ESB47776992","taxID":"B47776992","duns":"468285752","leiCode":"894500MXG331CHJYBA71","numberOfEmployees":{"@type":"QuantitativeValue","minValue":"1","maxValue":"10"}}]}},"_links":{"self":[{"href":"https:\/\/qualificalia.com\/en\/wp-json\/wp\/v2\/product\/144","targetHints":{"allow":["GET"]}}],"collection":[{"href":"https:\/\/qualificalia.com\/en\/wp-json\/wp\/v2\/product"}],"about":[{"href":"https:\/\/qualificalia.com\/en\/wp-json\/wp\/v2\/types\/product"}],"replies":[{"embeddable":true,"href":"https:\/\/qualificalia.com\/en\/wp-json\/wp\/v2\/comments?post=144"}],"wp:featuredmedia":[{"embeddable":true,"href":"https:\/\/qualificalia.com\/en\/wp-json\/wp\/v2\/media\/11468"}],"wp:attachment":[{"href":"https:\/\/qualificalia.com\/en\/wp-json\/wp\/v2\/media?parent=144"}],"wp:term":[{"taxonomy":"product_brand","embeddable":true,"href":"https:\/\/qualificalia.com\/en\/wp-json\/wp\/v2\/product_brand?post=144"},{"taxonomy":"product_cat","embeddable":true,"href":"https:\/\/qualificalia.com\/en\/wp-json\/wp\/v2\/product_cat?post=144"},{"taxonomy":"product_tag","embeddable":true,"href":"https:\/\/qualificalia.com\/en\/wp-json\/wp\/v2\/product_tag?post=144"}],"curies":[{"name":"wp","href":"https:\/\/api.w.org\/{rel}","templated":true}]}}