{"id":2547,"date":"2023-08-01T19:00:33","date_gmt":"2023-08-01T17:00:33","guid":{"rendered":"https:\/\/qualificalia.com\/kb\/politica-de-cookies-ue\/"},"modified":"2023-08-01T19:00:38","modified_gmt":"2023-08-01T17:00:38","slug":"politica-de-cookies-ue","status":"publish","type":"page","link":"https:\/\/qualificalia.com\/kb\/politica-de-cookies-ue\/","title":{"rendered":"Pol\u00edtica de cookies (UE)"},"content":{"rendered":"La regi\u00f3n EU no est\u00e1 activada para cookie-statement.\n","protected":false},"excerpt":{"rendered":"","protected":false},"author":3,"featured_media":0,"parent":0,"menu_order":0,"comment_status":"closed","ping_status":"closed","template":"","meta":{"_acf_changed":false,"inline_featured_image":false,"footnotes":"","_wp_rev_ctl_limit":""},"dorqua":[],"class_list":["post-2547","page","type-page","status-publish","hentry"],"acf":[],"yoast_head":"<!-- This site is optimized with the Yoast SEO Premium plugin v27.0 (Yoast SEO v27.0) - https:\/\/yoast.com\/product\/yoast-seo-premium-wordpress\/ -->\n<title>Pol\u00edtica de cookies (UE) - Qualificalia: KB<\/title>\n<meta name=\"robots\" content=\"index, follow, max-snippet:-1, max-image-preview:large, max-video-preview:-1\" \/>\n<link rel=\"canonical\" href=\"https:\/\/qualificalia.com\/kb\/politica-de-cookies-ue\/\" \/>\n<meta property=\"og:locale\" content=\"es_ES\" \/>\n<meta property=\"og:type\" content=\"article\" \/>\n<meta property=\"og:title\" content=\"Pol\u00edtica de cookies (UE)\" \/>\n<meta property=\"og:url\" content=\"https:\/\/qualificalia.com\/kb\/politica-de-cookies-ue\/\" \/>\n<meta property=\"og:site_name\" content=\"Qualificalia: KB\" \/>\n<meta property=\"article:modified_time\" content=\"2023-08-01T17:00:38+00:00\" \/>\n<meta name=\"twitter:card\" content=\"summary_large_image\" \/>\n<script type=\"application\/ld+json\" class=\"yoast-schema-graph\">{\"@context\":\"https:\/\/schema.org\",\"@graph\":[{\"@type\":\"WebPage\",\"@id\":\"https:\/\/qualificalia.com\/kb\/politica-de-cookies-ue\/\",\"url\":\"https:\/\/qualificalia.com\/kb\/politica-de-cookies-ue\/\",\"name\":\"Pol\u00edtica de cookies (UE) - Qualificalia: KB\",\"isPartOf\":{\"@id\":\"https:\/\/qualificalia.com\/kb\/#website\"},\"datePublished\":\"2023-08-01T17:00:33+00:00\",\"dateModified\":\"2023-08-01T17:00:38+00:00\",\"breadcrumb\":{\"@id\":\"https:\/\/qualificalia.com\/kb\/politica-de-cookies-ue\/#breadcrumb\"},\"inLanguage\":\"es\",\"potentialAction\":[{\"@type\":\"ReadAction\",\"target\":[\"https:\/\/qualificalia.com\/kb\/politica-de-cookies-ue\/\"]}]},{\"@type\":\"BreadcrumbList\",\"@id\":\"https:\/\/qualificalia.com\/kb\/politica-de-cookies-ue\/#breadcrumb\",\"itemListElement\":[{\"@type\":\"ListItem\",\"position\":1,\"name\":\"Portada\",\"item\":\"https:\/\/qualificalia.com\/kb\/\"},{\"@type\":\"ListItem\",\"position\":2,\"name\":\"Pol\u00edtica de cookies (UE)\"}]},{\"@type\":\"WebSite\",\"@id\":\"https:\/\/qualificalia.com\/kb\/#website\",\"url\":\"https:\/\/qualificalia.com\/kb\/\",\"name\":\"Qualificalia: KB\",\"description\":\"Base de Conocimientos sobre las competencias transversales y su desarrollo\",\"publisher\":{\"@id\":\"https:\/\/qualificalia.com\/kb\/#organization\"},\"potentialAction\":[{\"@type\":\"SearchAction\",\"target\":{\"@type\":\"EntryPoint\",\"urlTemplate\":\"https:\/\/qualificalia.com\/kb\/?s={search_term_string}\"},\"query-input\":{\"@type\":\"PropertyValueSpecification\",\"valueRequired\":true,\"valueName\":\"search_term_string\"}}],\"inLanguage\":\"es\"},{\"@type\":\"Organization\",\"@id\":\"https:\/\/qualificalia.com\/kb\/#organization\",\"name\":\"Qualificalia: KB\",\"url\":\"https:\/\/qualificalia.com\/kb\/\",\"logo\":{\"@type\":\"ImageObject\",\"inLanguage\":\"es\",\"@id\":\"https:\/\/qualificalia.com\/kb\/#\/schema\/logo\/image\/\",\"url\":\"https:\/\/qualificalia.com\/kb\/wp-content\/uploads\/sites\/3\/2023\/04\/Qualificalia-logo-rojo-negro.svg\",\"contentUrl\":\"https:\/\/qualificalia.com\/kb\/wp-content\/uploads\/sites\/3\/2023\/04\/Qualificalia-logo-rojo-negro.svg\",\"width\":304,\"height\":70,\"caption\":\"Qualificalia: KB\"},\"image\":{\"@id\":\"https:\/\/qualificalia.com\/kb\/#\/schema\/logo\/image\/\"}}]}<\/script>\n<!-- \/ Yoast SEO Premium plugin. -->","yoast_head_json":{"title":"Pol\u00edtica de cookies (UE) - Qualificalia: KB","robots":{"index":"index","follow":"follow","max-snippet":"max-snippet:-1","max-image-preview":"max-image-preview:large","max-video-preview":"max-video-preview:-1"},"canonical":"https:\/\/qualificalia.com\/kb\/politica-de-cookies-ue\/","og_locale":"es_ES","og_type":"article","og_title":"Pol\u00edtica de cookies (UE)","og_url":"https:\/\/qualificalia.com\/kb\/politica-de-cookies-ue\/","og_site_name":"Qualificalia: KB","article_modified_time":"2023-08-01T17:00:38+00:00","twitter_card":"summary_large_image","schema":{"@context":"https:\/\/schema.org","@graph":[{"@type":"WebPage","@id":"https:\/\/qualificalia.com\/kb\/politica-de-cookies-ue\/","url":"https:\/\/qualificalia.com\/kb\/politica-de-cookies-ue\/","name":"Pol\u00edtica de cookies (UE) - Qualificalia: KB","isPartOf":{"@id":"https:\/\/qualificalia.com\/kb\/#website"},"datePublished":"2023-08-01T17:00:33+00:00","dateModified":"2023-08-01T17:00:38+00:00","breadcrumb":{"@id":"https:\/\/qualificalia.com\/kb\/politica-de-cookies-ue\/#breadcrumb"},"inLanguage":"es","potentialAction":[{"@type":"ReadAction","target":["https:\/\/qualificalia.com\/kb\/politica-de-cookies-ue\/"]}]},{"@type":"BreadcrumbList","@id":"https:\/\/qualificalia.com\/kb\/politica-de-cookies-ue\/#breadcrumb","itemListElement":[{"@type":"ListItem","position":1,"name":"Portada","item":"https:\/\/qualificalia.com\/kb\/"},{"@type":"ListItem","position":2,"name":"Pol\u00edtica de cookies (UE)"}]},{"@type":"WebSite","@id":"https:\/\/qualificalia.com\/kb\/#website","url":"https:\/\/qualificalia.com\/kb\/","name":"Qualificalia: KB","description":"Base de Conocimientos sobre las competencias transversales y su desarrollo","publisher":{"@id":"https:\/\/qualificalia.com\/kb\/#organization"},"potentialAction":[{"@type":"SearchAction","target":{"@type":"EntryPoint","urlTemplate":"https:\/\/qualificalia.com\/kb\/?s={search_term_string}"},"query-input":{"@type":"PropertyValueSpecification","valueRequired":true,"valueName":"search_term_string"}}],"inLanguage":"es"},{"@type":"Organization","@id":"https:\/\/qualificalia.com\/kb\/#organization","name":"Qualificalia: KB","url":"https:\/\/qualificalia.com\/kb\/","logo":{"@type":"ImageObject","inLanguage":"es","@id":"https:\/\/qualificalia.com\/kb\/#\/schema\/logo\/image\/","url":"https:\/\/qualificalia.com\/kb\/wp-content\/uploads\/sites\/3\/2023\/04\/Qualificalia-logo-rojo-negro.svg","contentUrl":"https:\/\/qualificalia.com\/kb\/wp-content\/uploads\/sites\/3\/2023\/04\/Qualificalia-logo-rojo-negro.svg","width":304,"height":70,"caption":"Qualificalia: KB"},"image":{"@id":"https:\/\/qualificalia.com\/kb\/#\/schema\/logo\/image\/"}}]}},"_links":{"self":[{"href":"https:\/\/qualificalia.com\/kb\/wp-json\/wp\/v2\/pages\/2547","targetHints":{"allow":["GET"]}}],"collection":[{"href":"https:\/\/qualificalia.com\/kb\/wp-json\/wp\/v2\/pages"}],"about":[{"href":"https:\/\/qualificalia.com\/kb\/wp-json\/wp\/v2\/types\/page"}],"author":[{"embeddable":true,"href":"https:\/\/qualificalia.com\/kb\/wp-json\/wp\/v2\/users\/3"}],"replies":[{"embeddable":true,"href":"https:\/\/qualificalia.com\/kb\/wp-json\/wp\/v2\/comments?post=2547"}],"version-history":[{"count":0,"href":"https:\/\/qualificalia.com\/kb\/wp-json\/wp\/v2\/pages\/2547\/revisions"}],"wp:attachment":[{"href":"https:\/\/qualificalia.com\/kb\/wp-json\/wp\/v2\/media?parent=2547"}],"wp:term":[{"taxonomy":"dorqua","embeddable":true,"href":"https:\/\/qualificalia.com\/kb\/wp-json\/wp\/v2\/dorqua?post=2547"}],"curies":[{"name":"wp","href":"https:\/\/api.w.org\/{rel}","templated":true}]}}